{"id":15,"date":"2023-04-17T15:15:56","date_gmt":"2023-04-17T13:15:56","guid":{"rendered":"http:\/\/domaine-des-essarts.com\/?page_id=15"},"modified":"2024-06-04T14:49:03","modified_gmt":"2024-06-04T14:49:03","slug":"les-alouettes","status":"publish","type":"page","link":"https:\/\/domaine-des-essarts.com\/index.php\/les-alouettes\/","title":{"rendered":"Les Alouettes"},"content":{"rendered":"\n<div class=\"wp-block-media-text alignwide is-stacked-on-mobile has-background\" style=\"background-color:#e5e5e5;grid-template-columns:24% auto\"><figure class=\"wp-block-media-text__media\"><img fetchpriority=\"high\" decoding=\"async\" width=\"340\" height=\"1024\" src=\"http:\/\/www.domaine-des-essarts.com\/wp-content\/uploads\/2023\/04\/Alouettes-340x1024.png\" alt=\"\" class=\"wp-image-144 size-full\" srcset=\"https:\/\/domaine-des-essarts.com\/wp-content\/uploads\/2023\/04\/Alouettes-340x1024.png 340w, https:\/\/domaine-des-essarts.com\/wp-content\/uploads\/2023\/04\/Alouettes-100x300.png 100w, https:\/\/domaine-des-essarts.com\/wp-content\/uploads\/2023\/04\/Alouettes-768x2311.png 768w, https:\/\/domaine-des-essarts.com\/wp-content\/uploads\/2023\/04\/Alouettes-510x1536.png 510w, https:\/\/domaine-des-essarts.com\/wp-content\/uploads\/2023\/04\/Alouettes.png 1284w\" sizes=\"(max-width: 340px) 100vw, 340px\" \/><\/figure><div class=\"wp-block-media-text__content\">\n<h2 class=\"wp-block-heading\">Les Alouettes<\/h2>\n\n\n\n<p class=\"has-small-font-size\"><strong>Coteaux du Layon<\/strong><\/p>\n\n\n\n<p class=\"has-small-font-size\">Ce Coteaux du Layon est n\u00e9 du nom d&rsquo;une parcelle de 4 Hectares situ\u00e9e au c\u0153ur du Domaine.<br>\u00ab\u00a0Les Alouettes\u00a0\u00bb issu de la tradition familiale, \u00e9tait d\u00e9j\u00e0 produit par nos parents et grands-parents. Nos fid\u00e8les clients le connaissent bien et l&rsquo;appr\u00e9cient !<br>Ce Coteaux du layon, avec sa robe de couleur jaune, vous offre des ar\u00f4mes intenses de miel d&rsquo;acacia associ\u00e9s aux ar\u00f4mes floraux de la citronnelle et des fruits confits (ananas, abricot, coing).<\/p>\n\n\n\n<p class=\"has-small-font-size\">C\u00e9page : 100% Chenin<br>Garde : 10 ans<br>Servir \u00e0 6 &#8211; 8 \u00b0C<br>Conditionnement : Vrac\/Bouteilles<\/p>\n\n\n\n<p><strong><a href=\"https:\/\/domaine-des-essarts.com\/index.php\/tarifs\/\"><em>D\u00e9couvrir nos tarifs<\/em><\/a><\/strong><\/p>\n<\/div><\/div>\n","protected":false},"excerpt":{"rendered":"<p>Les Alouettes Coteaux du Layon Ce Coteaux du Layon est n\u00e9 du nom d&rsquo;une parcelle de 4 Hectares situ\u00e9e au c\u0153ur du Domaine.\u00ab\u00a0Les Alouettes\u00a0\u00bb issu de la tradition familiale, \u00e9tait d\u00e9j\u00e0 produit par nos parents et grands-parents. Nos fid\u00e8les clients le connaissent bien et l&rsquo;appr\u00e9cient !Ce Coteaux du layon, avec sa robe de couleur jaune, &hellip; <a href=\"https:\/\/domaine-des-essarts.com\/index.php\/les-alouettes\/\" class=\"more-link\">Continue reading <span class=\"screen-reader-text\">Les Alouettes<\/span> <span class=\"meta-nav\">&rarr;<\/span><\/a><\/p>\n","protected":false},"author":1,"featured_media":0,"parent":0,"menu_order":0,"comment_status":"closed","ping_status":"closed","template":"","meta":{"footnotes":""},"class_list":["post-15","page","type-page","status-publish","hentry"],"yoast_head":"<!-- This site is optimized with the Yoast SEO plugin v27.2 - https:\/\/yoast.com\/product\/yoast-seo-wordpress\/ -->\n<title>Les Alouettes - Domaine des Essarts<\/title>\n<meta name=\"description\" content=\"Ce Coteaux du Layon est issu de la tradition familiale, avec sa robe de couleur jaune, et ses ar\u00f4mes intenses de miel d&#039;acacia, de la citronnelle et des fruits confits (ananas, abricot, coing).\" \/>\n<meta name=\"robots\" content=\"index, follow, max-snippet:-1, max-image-preview:large, max-video-preview:-1\" \/>\n<link rel=\"canonical\" href=\"https:\/\/domaine-des-essarts.com\/index.php\/les-alouettes\/\" \/>\n<meta property=\"og:locale\" content=\"fr_FR\" \/>\n<meta property=\"og:type\" content=\"article\" \/>\n<meta property=\"og:title\" content=\"Les Alouettes - Domaine des Essarts\" \/>\n<meta property=\"og:description\" content=\"Ce Coteaux du Layon est issu de la tradition familiale, avec sa robe de couleur jaune, et ses ar\u00f4mes intenses de miel d&#039;acacia, de la citronnelle et des fruits confits (ananas, abricot, coing).\" \/>\n<meta property=\"og:url\" content=\"https:\/\/domaine-des-essarts.com\/index.php\/les-alouettes\/\" \/>\n<meta property=\"og:site_name\" content=\"Domaine des Essarts\" \/>\n<meta property=\"article:modified_time\" content=\"2024-06-04T14:49:03+00:00\" \/>\n<meta property=\"og:image\" content=\"http:\/\/www.domaine-des-essarts.com\/wp-content\/uploads\/2023\/04\/Alouettes-340x1024.png\" \/>\n<meta name=\"twitter:card\" content=\"summary_large_image\" \/>\n<meta name=\"twitter:label1\" content=\"Dur\u00e9e de lecture estim\u00e9e\" \/>\n\t<meta name=\"twitter:data1\" content=\"1 minute\" \/>\n<script type=\"application\/ld+json\" class=\"yoast-schema-graph\">{\"@context\":\"https:\/\/schema.org\",\"@graph\":[{\"@type\":\"WebPage\",\"@id\":\"https:\/\/domaine-des-essarts.com\/index.php\/les-alouettes\/\",\"url\":\"https:\/\/domaine-des-essarts.com\/index.php\/les-alouettes\/\",\"name\":\"Les Alouettes - Domaine des Essarts\",\"isPartOf\":{\"@id\":\"https:\/\/www.domaine-des-essarts.com\/#website\"},\"primaryImageOfPage\":{\"@id\":\"https:\/\/domaine-des-essarts.com\/index.php\/les-alouettes\/#primaryimage\"},\"image\":{\"@id\":\"https:\/\/domaine-des-essarts.com\/index.php\/les-alouettes\/#primaryimage\"},\"thumbnailUrl\":\"http:\/\/www.domaine-des-essarts.com\/wp-content\/uploads\/2023\/04\/Alouettes-340x1024.png\",\"datePublished\":\"2023-04-17T13:15:56+00:00\",\"dateModified\":\"2024-06-04T14:49:03+00:00\",\"description\":\"Ce Coteaux du Layon est issu de la tradition familiale, avec sa robe de couleur jaune, et ses ar\u00f4mes intenses de miel d'acacia, de la citronnelle et des fruits confits (ananas, abricot, coing).\",\"breadcrumb\":{\"@id\":\"https:\/\/domaine-des-essarts.com\/index.php\/les-alouettes\/#breadcrumb\"},\"inLanguage\":\"fr-FR\",\"potentialAction\":[{\"@type\":\"ReadAction\",\"target\":[\"https:\/\/domaine-des-essarts.com\/index.php\/les-alouettes\/\"]}]},{\"@type\":\"ImageObject\",\"inLanguage\":\"fr-FR\",\"@id\":\"https:\/\/domaine-des-essarts.com\/index.php\/les-alouettes\/#primaryimage\",\"url\":\"http:\/\/www.domaine-des-essarts.com\/wp-content\/uploads\/2023\/04\/Alouettes-340x1024.png\",\"contentUrl\":\"http:\/\/www.domaine-des-essarts.com\/wp-content\/uploads\/2023\/04\/Alouettes-340x1024.png\"},{\"@type\":\"BreadcrumbList\",\"@id\":\"https:\/\/domaine-des-essarts.com\/index.php\/les-alouettes\/#breadcrumb\",\"itemListElement\":[{\"@type\":\"ListItem\",\"position\":1,\"name\":\"Accueil\",\"item\":\"https:\/\/domaine-des-essarts.com\/\"},{\"@type\":\"ListItem\",\"position\":2,\"name\":\"Les Alouettes\"}]},{\"@type\":\"WebSite\",\"@id\":\"https:\/\/www.domaine-des-essarts.com\/#website\",\"url\":\"https:\/\/www.domaine-des-essarts.com\/\",\"name\":\"Domaine des Essarts\",\"description\":\"Viticulteurs Maine et Loire\",\"potentialAction\":[{\"@type\":\"SearchAction\",\"target\":{\"@type\":\"EntryPoint\",\"urlTemplate\":\"https:\/\/www.domaine-des-essarts.com\/?s={search_term_string}\"},\"query-input\":{\"@type\":\"PropertyValueSpecification\",\"valueRequired\":true,\"valueName\":\"search_term_string\"}}],\"inLanguage\":\"fr-FR\"}]}<\/script>\n<!-- \/ Yoast SEO plugin. -->","yoast_head_json":{"title":"Les Alouettes - Domaine des Essarts","description":"Ce Coteaux du Layon est issu de la tradition familiale, avec sa robe de couleur jaune, et ses ar\u00f4mes intenses de miel d'acacia, de la citronnelle et des fruits confits (ananas, abricot, coing).","robots":{"index":"index","follow":"follow","max-snippet":"max-snippet:-1","max-image-preview":"max-image-preview:large","max-video-preview":"max-video-preview:-1"},"canonical":"https:\/\/domaine-des-essarts.com\/index.php\/les-alouettes\/","og_locale":"fr_FR","og_type":"article","og_title":"Les Alouettes - Domaine des Essarts","og_description":"Ce Coteaux du Layon est issu de la tradition familiale, avec sa robe de couleur jaune, et ses ar\u00f4mes intenses de miel d'acacia, de la citronnelle et des fruits confits (ananas, abricot, coing).","og_url":"https:\/\/domaine-des-essarts.com\/index.php\/les-alouettes\/","og_site_name":"Domaine des Essarts","article_modified_time":"2024-06-04T14:49:03+00:00","og_image":[{"url":"http:\/\/www.domaine-des-essarts.com\/wp-content\/uploads\/2023\/04\/Alouettes-340x1024.png","type":"","width":"","height":""}],"twitter_card":"summary_large_image","twitter_misc":{"Dur\u00e9e de lecture estim\u00e9e":"1 minute"},"schema":{"@context":"https:\/\/schema.org","@graph":[{"@type":"WebPage","@id":"https:\/\/domaine-des-essarts.com\/index.php\/les-alouettes\/","url":"https:\/\/domaine-des-essarts.com\/index.php\/les-alouettes\/","name":"Les Alouettes - Domaine des Essarts","isPartOf":{"@id":"https:\/\/www.domaine-des-essarts.com\/#website"},"primaryImageOfPage":{"@id":"https:\/\/domaine-des-essarts.com\/index.php\/les-alouettes\/#primaryimage"},"image":{"@id":"https:\/\/domaine-des-essarts.com\/index.php\/les-alouettes\/#primaryimage"},"thumbnailUrl":"http:\/\/www.domaine-des-essarts.com\/wp-content\/uploads\/2023\/04\/Alouettes-340x1024.png","datePublished":"2023-04-17T13:15:56+00:00","dateModified":"2024-06-04T14:49:03+00:00","description":"Ce Coteaux du Layon est issu de la tradition familiale, avec sa robe de couleur jaune, et ses ar\u00f4mes intenses de miel d'acacia, de la citronnelle et des fruits confits (ananas, abricot, coing).","breadcrumb":{"@id":"https:\/\/domaine-des-essarts.com\/index.php\/les-alouettes\/#breadcrumb"},"inLanguage":"fr-FR","potentialAction":[{"@type":"ReadAction","target":["https:\/\/domaine-des-essarts.com\/index.php\/les-alouettes\/"]}]},{"@type":"ImageObject","inLanguage":"fr-FR","@id":"https:\/\/domaine-des-essarts.com\/index.php\/les-alouettes\/#primaryimage","url":"http:\/\/www.domaine-des-essarts.com\/wp-content\/uploads\/2023\/04\/Alouettes-340x1024.png","contentUrl":"http:\/\/www.domaine-des-essarts.com\/wp-content\/uploads\/2023\/04\/Alouettes-340x1024.png"},{"@type":"BreadcrumbList","@id":"https:\/\/domaine-des-essarts.com\/index.php\/les-alouettes\/#breadcrumb","itemListElement":[{"@type":"ListItem","position":1,"name":"Accueil","item":"https:\/\/domaine-des-essarts.com\/"},{"@type":"ListItem","position":2,"name":"Les Alouettes"}]},{"@type":"WebSite","@id":"https:\/\/www.domaine-des-essarts.com\/#website","url":"https:\/\/www.domaine-des-essarts.com\/","name":"Domaine des Essarts","description":"Viticulteurs Maine et Loire","potentialAction":[{"@type":"SearchAction","target":{"@type":"EntryPoint","urlTemplate":"https:\/\/www.domaine-des-essarts.com\/?s={search_term_string}"},"query-input":{"@type":"PropertyValueSpecification","valueRequired":true,"valueName":"search_term_string"}}],"inLanguage":"fr-FR"}]}},"_links":{"self":[{"href":"https:\/\/domaine-des-essarts.com\/index.php\/wp-json\/wp\/v2\/pages\/15","targetHints":{"allow":["GET"]}}],"collection":[{"href":"https:\/\/domaine-des-essarts.com\/index.php\/wp-json\/wp\/v2\/pages"}],"about":[{"href":"https:\/\/domaine-des-essarts.com\/index.php\/wp-json\/wp\/v2\/types\/page"}],"author":[{"embeddable":true,"href":"https:\/\/domaine-des-essarts.com\/index.php\/wp-json\/wp\/v2\/users\/1"}],"replies":[{"embeddable":true,"href":"https:\/\/domaine-des-essarts.com\/index.php\/wp-json\/wp\/v2\/comments?post=15"}],"version-history":[{"count":4,"href":"https:\/\/domaine-des-essarts.com\/index.php\/wp-json\/wp\/v2\/pages\/15\/revisions"}],"predecessor-version":[{"id":428,"href":"https:\/\/domaine-des-essarts.com\/index.php\/wp-json\/wp\/v2\/pages\/15\/revisions\/428"}],"wp:attachment":[{"href":"https:\/\/domaine-des-essarts.com\/index.php\/wp-json\/wp\/v2\/media?parent=15"}],"curies":[{"name":"wp","href":"https:\/\/api.w.org\/{rel}","templated":true}]}}