{"id":21,"date":"2023-04-17T15:16:37","date_gmt":"2023-04-17T13:16:37","guid":{"rendered":"http:\/\/domaine-des-essarts.com\/?page_id=21"},"modified":"2024-06-04T13:52:05","modified_gmt":"2024-06-04T13:52:05","slug":"chardonnay-vin-blanc-sec-fruite","status":"publish","type":"page","link":"https:\/\/domaine-des-essarts.com\/index.php\/chardonnay-vin-blanc-sec-fruite\/","title":{"rendered":"Chardonnay"},"content":{"rendered":"\n<div class=\"wp-block-media-text alignwide is-stacked-on-mobile has-background\" style=\"background-color:#e5e5e5;grid-template-columns:24% auto\"><figure class=\"wp-block-media-text__media\"><img fetchpriority=\"high\" decoding=\"async\" width=\"347\" height=\"1024\" src=\"http:\/\/www.domaine-des-essarts.com\/wp-content\/uploads\/2023\/04\/Chardonnay-1-347x1024.png\" alt=\"\" class=\"wp-image-147 size-full\" srcset=\"https:\/\/domaine-des-essarts.com\/wp-content\/uploads\/2023\/04\/Chardonnay-1-347x1024.png 347w, https:\/\/domaine-des-essarts.com\/wp-content\/uploads\/2023\/04\/Chardonnay-1-102x300.png 102w, https:\/\/domaine-des-essarts.com\/wp-content\/uploads\/2023\/04\/Chardonnay-1-768x2268.png 768w, https:\/\/domaine-des-essarts.com\/wp-content\/uploads\/2023\/04\/Chardonnay-1-520x1536.png 520w, https:\/\/domaine-des-essarts.com\/wp-content\/uploads\/2023\/04\/Chardonnay-1-694x2048.png 694w, https:\/\/domaine-des-essarts.com\/wp-content\/uploads\/2023\/04\/Chardonnay-1.png 1272w\" sizes=\"(max-width: 347px) 100vw, 347px\" \/><\/figure><div class=\"wp-block-media-text__content\">\n<h2 class=\"wp-block-heading\">Chardonnay<\/h2>\n\n\n\n<p class=\"has-small-font-size\"><strong>Vin de France<\/strong><\/p>\n\n\n\n<p class=\"has-small-font-size\">Vin blanc sec qui charme par sa d\u00e9licatesse et son nez de fleurs.<br>A consommer jeune, il se mariera avec toutes sortes de fruits de mer et poissons crus, fum\u00e9s ou cuisin\u00e9s<\/p>\n\n\n\n<p class=\"has-small-font-size\">C\u00e9page : 100 % Chardonnay<br>Garde : 3 ans<br>Servir \u00e0 6 &#8211; 8\u00b0C<br>Conditionnement : Vrac\/Bouteilles<\/p>\n\n\n\n<p><strong><a href=\"https:\/\/domaine-des-essarts.com\/index.php\/tarifs\/\"><em>D\u00e9couvrir nos tarifs<\/em><\/a><\/strong><\/p>\n<\/div><\/div>\n","protected":false},"excerpt":{"rendered":"<p>Chardonnay Vin de France Vin blanc sec qui charme par sa d\u00e9licatesse et son nez de fleurs.A consommer jeune, il se mariera avec toutes sortes de fruits de mer et poissons crus, fum\u00e9s ou cuisin\u00e9s C\u00e9page : 100 % ChardonnayGarde : 3 ansServir \u00e0 6 &#8211; 8\u00b0CConditionnement : Vrac\/Bouteilles D\u00e9couvrir nos tarifs<\/p>\n","protected":false},"author":1,"featured_media":0,"parent":0,"menu_order":0,"comment_status":"closed","ping_status":"closed","template":"","meta":{"footnotes":""},"class_list":["post-21","page","type-page","status-publish","hentry"],"yoast_head":"<!-- This site is optimized with the Yoast SEO plugin v27.2 - https:\/\/yoast.com\/product\/yoast-seo-wordpress\/ -->\n<title>Chardonnay - Domaine des Essarts vin blanc sec et fruit\u00e9<\/title>\n<meta name=\"description\" content=\"D\u00e9couvrez le chardonnay, son go\u00fbt fruit\u00e9 d\u00e9licat en bouche permet de mettre en avant les notes min\u00e9rales du terroirs.\" \/>\n<meta name=\"robots\" content=\"index, follow, max-snippet:-1, max-image-preview:large, max-video-preview:-1\" \/>\n<link rel=\"canonical\" href=\"https:\/\/domaine-des-essarts.com\/index.php\/chardonnay-vin-blanc-sec-fruite\/\" \/>\n<meta property=\"og:locale\" content=\"fr_FR\" \/>\n<meta property=\"og:type\" content=\"article\" \/>\n<meta property=\"og:title\" content=\"Chardonnay - Domaine des Essarts vin blanc sec et fruit\u00e9\" \/>\n<meta property=\"og:description\" content=\"D\u00e9couvrez le chardonnay, son go\u00fbt fruit\u00e9 d\u00e9licat en bouche permet de mettre en avant les notes min\u00e9rales du terroirs.\" \/>\n<meta property=\"og:url\" content=\"https:\/\/domaine-des-essarts.com\/index.php\/chardonnay-vin-blanc-sec-fruite\/\" \/>\n<meta property=\"og:site_name\" content=\"Domaine des Essarts\" \/>\n<meta property=\"article:modified_time\" content=\"2024-06-04T13:52:05+00:00\" \/>\n<meta property=\"og:image\" content=\"http:\/\/www.domaine-des-essarts.com\/wp-content\/uploads\/2023\/04\/Chardonnay-1-347x1024.png\" \/>\n<meta name=\"twitter:card\" content=\"summary_large_image\" \/>\n<meta name=\"twitter:label1\" content=\"Dur\u00e9e de lecture estim\u00e9e\" \/>\n\t<meta name=\"twitter:data1\" content=\"1 minute\" \/>\n<script type=\"application\/ld+json\" class=\"yoast-schema-graph\">{\"@context\":\"https:\/\/schema.org\",\"@graph\":[{\"@type\":\"WebPage\",\"@id\":\"https:\/\/domaine-des-essarts.com\/index.php\/chardonnay-vin-blanc-sec-fruite\/\",\"url\":\"https:\/\/domaine-des-essarts.com\/index.php\/chardonnay-vin-blanc-sec-fruite\/\",\"name\":\"Chardonnay - Domaine des Essarts vin blanc sec et fruit\u00e9\",\"isPartOf\":{\"@id\":\"https:\/\/www.domaine-des-essarts.com\/#website\"},\"primaryImageOfPage\":{\"@id\":\"https:\/\/domaine-des-essarts.com\/index.php\/chardonnay-vin-blanc-sec-fruite\/#primaryimage\"},\"image\":{\"@id\":\"https:\/\/domaine-des-essarts.com\/index.php\/chardonnay-vin-blanc-sec-fruite\/#primaryimage\"},\"thumbnailUrl\":\"http:\/\/www.domaine-des-essarts.com\/wp-content\/uploads\/2023\/04\/Chardonnay-1-347x1024.png\",\"datePublished\":\"2023-04-17T13:16:37+00:00\",\"dateModified\":\"2024-06-04T13:52:05+00:00\",\"description\":\"D\u00e9couvrez le chardonnay, son go\u00fbt fruit\u00e9 d\u00e9licat en bouche permet de mettre en avant les notes min\u00e9rales du terroirs.\",\"breadcrumb\":{\"@id\":\"https:\/\/domaine-des-essarts.com\/index.php\/chardonnay-vin-blanc-sec-fruite\/#breadcrumb\"},\"inLanguage\":\"fr-FR\",\"potentialAction\":[{\"@type\":\"ReadAction\",\"target\":[\"https:\/\/domaine-des-essarts.com\/index.php\/chardonnay-vin-blanc-sec-fruite\/\"]}]},{\"@type\":\"ImageObject\",\"inLanguage\":\"fr-FR\",\"@id\":\"https:\/\/domaine-des-essarts.com\/index.php\/chardonnay-vin-blanc-sec-fruite\/#primaryimage\",\"url\":\"http:\/\/www.domaine-des-essarts.com\/wp-content\/uploads\/2023\/04\/Chardonnay-1-347x1024.png\",\"contentUrl\":\"http:\/\/www.domaine-des-essarts.com\/wp-content\/uploads\/2023\/04\/Chardonnay-1-347x1024.png\"},{\"@type\":\"BreadcrumbList\",\"@id\":\"https:\/\/domaine-des-essarts.com\/index.php\/chardonnay-vin-blanc-sec-fruite\/#breadcrumb\",\"itemListElement\":[{\"@type\":\"ListItem\",\"position\":1,\"name\":\"Accueil\",\"item\":\"https:\/\/domaine-des-essarts.com\/\"},{\"@type\":\"ListItem\",\"position\":2,\"name\":\"Chardonnay\"}]},{\"@type\":\"WebSite\",\"@id\":\"https:\/\/www.domaine-des-essarts.com\/#website\",\"url\":\"https:\/\/www.domaine-des-essarts.com\/\",\"name\":\"Domaine des Essarts\",\"description\":\"Viticulteurs Maine et Loire\",\"potentialAction\":[{\"@type\":\"SearchAction\",\"target\":{\"@type\":\"EntryPoint\",\"urlTemplate\":\"https:\/\/www.domaine-des-essarts.com\/?s={search_term_string}\"},\"query-input\":{\"@type\":\"PropertyValueSpecification\",\"valueRequired\":true,\"valueName\":\"search_term_string\"}}],\"inLanguage\":\"fr-FR\"}]}<\/script>\n<!-- \/ Yoast SEO plugin. -->","yoast_head_json":{"title":"Chardonnay - Domaine des Essarts vin blanc sec et fruit\u00e9","description":"D\u00e9couvrez le chardonnay, son go\u00fbt fruit\u00e9 d\u00e9licat en bouche permet de mettre en avant les notes min\u00e9rales du terroirs.","robots":{"index":"index","follow":"follow","max-snippet":"max-snippet:-1","max-image-preview":"max-image-preview:large","max-video-preview":"max-video-preview:-1"},"canonical":"https:\/\/domaine-des-essarts.com\/index.php\/chardonnay-vin-blanc-sec-fruite\/","og_locale":"fr_FR","og_type":"article","og_title":"Chardonnay - Domaine des Essarts vin blanc sec et fruit\u00e9","og_description":"D\u00e9couvrez le chardonnay, son go\u00fbt fruit\u00e9 d\u00e9licat en bouche permet de mettre en avant les notes min\u00e9rales du terroirs.","og_url":"https:\/\/domaine-des-essarts.com\/index.php\/chardonnay-vin-blanc-sec-fruite\/","og_site_name":"Domaine des Essarts","article_modified_time":"2024-06-04T13:52:05+00:00","og_image":[{"url":"http:\/\/www.domaine-des-essarts.com\/wp-content\/uploads\/2023\/04\/Chardonnay-1-347x1024.png","type":"","width":"","height":""}],"twitter_card":"summary_large_image","twitter_misc":{"Dur\u00e9e de lecture estim\u00e9e":"1 minute"},"schema":{"@context":"https:\/\/schema.org","@graph":[{"@type":"WebPage","@id":"https:\/\/domaine-des-essarts.com\/index.php\/chardonnay-vin-blanc-sec-fruite\/","url":"https:\/\/domaine-des-essarts.com\/index.php\/chardonnay-vin-blanc-sec-fruite\/","name":"Chardonnay - Domaine des Essarts vin blanc sec et fruit\u00e9","isPartOf":{"@id":"https:\/\/www.domaine-des-essarts.com\/#website"},"primaryImageOfPage":{"@id":"https:\/\/domaine-des-essarts.com\/index.php\/chardonnay-vin-blanc-sec-fruite\/#primaryimage"},"image":{"@id":"https:\/\/domaine-des-essarts.com\/index.php\/chardonnay-vin-blanc-sec-fruite\/#primaryimage"},"thumbnailUrl":"http:\/\/www.domaine-des-essarts.com\/wp-content\/uploads\/2023\/04\/Chardonnay-1-347x1024.png","datePublished":"2023-04-17T13:16:37+00:00","dateModified":"2024-06-04T13:52:05+00:00","description":"D\u00e9couvrez le chardonnay, son go\u00fbt fruit\u00e9 d\u00e9licat en bouche permet de mettre en avant les notes min\u00e9rales du terroirs.","breadcrumb":{"@id":"https:\/\/domaine-des-essarts.com\/index.php\/chardonnay-vin-blanc-sec-fruite\/#breadcrumb"},"inLanguage":"fr-FR","potentialAction":[{"@type":"ReadAction","target":["https:\/\/domaine-des-essarts.com\/index.php\/chardonnay-vin-blanc-sec-fruite\/"]}]},{"@type":"ImageObject","inLanguage":"fr-FR","@id":"https:\/\/domaine-des-essarts.com\/index.php\/chardonnay-vin-blanc-sec-fruite\/#primaryimage","url":"http:\/\/www.domaine-des-essarts.com\/wp-content\/uploads\/2023\/04\/Chardonnay-1-347x1024.png","contentUrl":"http:\/\/www.domaine-des-essarts.com\/wp-content\/uploads\/2023\/04\/Chardonnay-1-347x1024.png"},{"@type":"BreadcrumbList","@id":"https:\/\/domaine-des-essarts.com\/index.php\/chardonnay-vin-blanc-sec-fruite\/#breadcrumb","itemListElement":[{"@type":"ListItem","position":1,"name":"Accueil","item":"https:\/\/domaine-des-essarts.com\/"},{"@type":"ListItem","position":2,"name":"Chardonnay"}]},{"@type":"WebSite","@id":"https:\/\/www.domaine-des-essarts.com\/#website","url":"https:\/\/www.domaine-des-essarts.com\/","name":"Domaine des Essarts","description":"Viticulteurs Maine et Loire","potentialAction":[{"@type":"SearchAction","target":{"@type":"EntryPoint","urlTemplate":"https:\/\/www.domaine-des-essarts.com\/?s={search_term_string}"},"query-input":{"@type":"PropertyValueSpecification","valueRequired":true,"valueName":"search_term_string"}}],"inLanguage":"fr-FR"}]}},"_links":{"self":[{"href":"https:\/\/domaine-des-essarts.com\/index.php\/wp-json\/wp\/v2\/pages\/21","targetHints":{"allow":["GET"]}}],"collection":[{"href":"https:\/\/domaine-des-essarts.com\/index.php\/wp-json\/wp\/v2\/pages"}],"about":[{"href":"https:\/\/domaine-des-essarts.com\/index.php\/wp-json\/wp\/v2\/types\/page"}],"author":[{"embeddable":true,"href":"https:\/\/domaine-des-essarts.com\/index.php\/wp-json\/wp\/v2\/users\/1"}],"replies":[{"embeddable":true,"href":"https:\/\/domaine-des-essarts.com\/index.php\/wp-json\/wp\/v2\/comments?post=21"}],"version-history":[{"count":4,"href":"https:\/\/domaine-des-essarts.com\/index.php\/wp-json\/wp\/v2\/pages\/21\/revisions"}],"predecessor-version":[{"id":422,"href":"https:\/\/domaine-des-essarts.com\/index.php\/wp-json\/wp\/v2\/pages\/21\/revisions\/422"}],"wp:attachment":[{"href":"https:\/\/domaine-des-essarts.com\/index.php\/wp-json\/wp\/v2\/media?parent=21"}],"curies":[{"name":"wp","href":"https:\/\/api.w.org\/{rel}","templated":true}]}}