{"id":25,"date":"2023-04-17T15:17:05","date_gmt":"2023-04-17T13:17:05","guid":{"rendered":"http:\/\/domaine-des-essarts.com\/?page_id=25"},"modified":"2024-06-04T13:20:31","modified_gmt":"2024-06-04T13:20:31","slug":"blancs-secs-vin-vigne-vin-de-lanjou-vin-de-france-leger-fruite-peu-de-sucre-accord-mets-vin-couleur-claire-acide-note-florales","status":"publish","type":"page","link":"https:\/\/domaine-des-essarts.com\/index.php\/blancs-secs-vin-vigne-vin-de-lanjou-vin-de-france-leger-fruite-peu-de-sucre-accord-mets-vin-couleur-claire-acide-note-florales\/","title":{"rendered":"Blancs secs"},"content":{"rendered":"\n<div class=\"wp-block-columns is-layout-flex wp-container-core-columns-is-layout-9d6595d7 wp-block-columns-is-layout-flex\">\n<div class=\"wp-block-column is-layout-flow wp-block-column-is-layout-flow\">\n<figure class=\"wp-block-image size-full\"><a href=\"https:\/\/domaine-des-essarts.com\/index.php\/chardonnay\/\"><img fetchpriority=\"high\" decoding=\"async\" width=\"350\" height=\"350\" src=\"http:\/\/www.domaine-des-essarts.com\/wp-content\/uploads\/2023\/04\/Chardonnay-2.png\" alt=\"\" class=\"wp-image-174\" srcset=\"https:\/\/domaine-des-essarts.com\/wp-content\/uploads\/2023\/04\/Chardonnay-2.png 350w, https:\/\/domaine-des-essarts.com\/wp-content\/uploads\/2023\/04\/Chardonnay-2-300x300.png 300w, https:\/\/domaine-des-essarts.com\/wp-content\/uploads\/2023\/04\/Chardonnay-2-150x150.png 150w\" sizes=\"(max-width: 350px) 100vw, 350px\" \/><\/a><\/figure>\n<\/div>\n\n\n\n<div class=\"wp-block-column is-layout-flow wp-block-column-is-layout-flow\">\n<figure class=\"wp-block-image size-full\"><a href=\"https:\/\/domaine-des-essarts.com\/index.php\/sauvignon\/\"><img decoding=\"async\" width=\"350\" height=\"350\" src=\"http:\/\/www.domaine-des-essarts.com\/wp-content\/uploads\/2023\/04\/Sauvignon-2.png\" alt=\"\" class=\"wp-image-182\" srcset=\"https:\/\/domaine-des-essarts.com\/wp-content\/uploads\/2023\/04\/Sauvignon-2.png 350w, https:\/\/domaine-des-essarts.com\/wp-content\/uploads\/2023\/04\/Sauvignon-2-300x300.png 300w, https:\/\/domaine-des-essarts.com\/wp-content\/uploads\/2023\/04\/Sauvignon-2-150x150.png 150w\" sizes=\"(max-width: 350px) 100vw, 350px\" \/><\/a><\/figure>\n<\/div>\n\n\n\n<div class=\"wp-block-column is-layout-flow wp-block-column-is-layout-flow\">\n<figure class=\"wp-block-image size-full\"><a href=\"https:\/\/domaine-des-essarts.com\/index.php\/chenin-des-anges\/\"><img decoding=\"async\" width=\"350\" height=\"350\" src=\"http:\/\/www.domaine-des-essarts.com\/wp-content\/uploads\/2023\/04\/CheninAnges-2.png\" alt=\"\" class=\"wp-image-175\" srcset=\"https:\/\/domaine-des-essarts.com\/wp-content\/uploads\/2023\/04\/CheninAnges-2.png 350w, https:\/\/domaine-des-essarts.com\/wp-content\/uploads\/2023\/04\/CheninAnges-2-300x300.png 300w, https:\/\/domaine-des-essarts.com\/wp-content\/uploads\/2023\/04\/CheninAnges-2-150x150.png 150w\" sizes=\"(max-width: 350px) 100vw, 350px\" \/><\/a><\/figure>\n<\/div>\n<\/div>\n","protected":false},"excerpt":{"rendered":"","protected":false},"author":1,"featured_media":0,"parent":0,"menu_order":0,"comment_status":"closed","ping_status":"closed","template":"page-templates\/full-width.php","meta":{"footnotes":""},"class_list":["post-25","page","type-page","status-publish","hentry"],"yoast_head":"<!-- This site is optimized with the Yoast SEO plugin v27.2 - https:\/\/yoast.com\/product\/yoast-seo-wordpress\/ -->\n<title>Blancs secs - Domaine des Essarts les blancs secs vins de l&#039;Anjou<\/title>\n<meta name=\"description\" content=\"d\u00e9couvrez l&#039;\u00e9l\u00e9gance des vins blancs secs, des ar\u00f4mes vifs de fruit et de fleurs, une acidit\u00e9 rafra\u00eechissante et une texture l\u00e9g\u00e8re \u00e0 moyenne\" \/>\n<meta name=\"robots\" content=\"index, follow, max-snippet:-1, max-image-preview:large, max-video-preview:-1\" \/>\n<link rel=\"canonical\" href=\"https:\/\/domaine-des-essarts.com\/index.php\/blancs-secs-vin-vigne-vin-de-lanjou-vin-de-france-leger-fruite-peu-de-sucre-accord-mets-vin-couleur-claire-acide-note-florales\/\" \/>\n<meta property=\"og:locale\" content=\"fr_FR\" \/>\n<meta property=\"og:type\" content=\"article\" \/>\n<meta property=\"og:title\" content=\"Blancs secs - Domaine des Essarts les blancs secs vins de l&#039;Anjou\" \/>\n<meta property=\"og:description\" content=\"d\u00e9couvrez l&#039;\u00e9l\u00e9gance des vins blancs secs, des ar\u00f4mes vifs de fruit et de fleurs, une acidit\u00e9 rafra\u00eechissante et une texture l\u00e9g\u00e8re \u00e0 moyenne\" \/>\n<meta property=\"og:url\" content=\"https:\/\/domaine-des-essarts.com\/index.php\/blancs-secs-vin-vigne-vin-de-lanjou-vin-de-france-leger-fruite-peu-de-sucre-accord-mets-vin-couleur-claire-acide-note-florales\/\" \/>\n<meta property=\"og:site_name\" content=\"Domaine des Essarts\" \/>\n<meta property=\"article:modified_time\" content=\"2024-06-04T13:20:31+00:00\" \/>\n<meta property=\"og:image\" content=\"http:\/\/www.domaine-des-essarts.com\/wp-content\/uploads\/2023\/04\/Chardonnay-2.png\" \/>\n<meta name=\"twitter:card\" content=\"summary_large_image\" \/>\n<meta name=\"twitter:label1\" content=\"Dur\u00e9e de lecture estim\u00e9e\" \/>\n\t<meta name=\"twitter:data1\" content=\"1 minute\" \/>\n<script type=\"application\/ld+json\" class=\"yoast-schema-graph\">{\"@context\":\"https:\/\/schema.org\",\"@graph\":[{\"@type\":\"WebPage\",\"@id\":\"https:\/\/domaine-des-essarts.com\/index.php\/blancs-secs-vin-vigne-vin-de-lanjou-vin-de-france-leger-fruite-peu-de-sucre-accord-mets-vin-couleur-claire-acide-note-florales\/\",\"url\":\"https:\/\/domaine-des-essarts.com\/index.php\/blancs-secs-vin-vigne-vin-de-lanjou-vin-de-france-leger-fruite-peu-de-sucre-accord-mets-vin-couleur-claire-acide-note-florales\/\",\"name\":\"Blancs secs - Domaine des Essarts les blancs secs vins de l'Anjou\",\"isPartOf\":{\"@id\":\"https:\/\/www.domaine-des-essarts.com\/#website\"},\"primaryImageOfPage\":{\"@id\":\"https:\/\/domaine-des-essarts.com\/index.php\/blancs-secs-vin-vigne-vin-de-lanjou-vin-de-france-leger-fruite-peu-de-sucre-accord-mets-vin-couleur-claire-acide-note-florales\/#primaryimage\"},\"image\":{\"@id\":\"https:\/\/domaine-des-essarts.com\/index.php\/blancs-secs-vin-vigne-vin-de-lanjou-vin-de-france-leger-fruite-peu-de-sucre-accord-mets-vin-couleur-claire-acide-note-florales\/#primaryimage\"},\"thumbnailUrl\":\"http:\/\/www.domaine-des-essarts.com\/wp-content\/uploads\/2023\/04\/Chardonnay-2.png\",\"datePublished\":\"2023-04-17T13:17:05+00:00\",\"dateModified\":\"2024-06-04T13:20:31+00:00\",\"description\":\"d\u00e9couvrez l'\u00e9l\u00e9gance des vins blancs secs, des ar\u00f4mes vifs de fruit et de fleurs, une acidit\u00e9 rafra\u00eechissante et une texture l\u00e9g\u00e8re \u00e0 moyenne\",\"breadcrumb\":{\"@id\":\"https:\/\/domaine-des-essarts.com\/index.php\/blancs-secs-vin-vigne-vin-de-lanjou-vin-de-france-leger-fruite-peu-de-sucre-accord-mets-vin-couleur-claire-acide-note-florales\/#breadcrumb\"},\"inLanguage\":\"fr-FR\",\"potentialAction\":[{\"@type\":\"ReadAction\",\"target\":[\"https:\/\/domaine-des-essarts.com\/index.php\/blancs-secs-vin-vigne-vin-de-lanjou-vin-de-france-leger-fruite-peu-de-sucre-accord-mets-vin-couleur-claire-acide-note-florales\/\"]}]},{\"@type\":\"ImageObject\",\"inLanguage\":\"fr-FR\",\"@id\":\"https:\/\/domaine-des-essarts.com\/index.php\/blancs-secs-vin-vigne-vin-de-lanjou-vin-de-france-leger-fruite-peu-de-sucre-accord-mets-vin-couleur-claire-acide-note-florales\/#primaryimage\",\"url\":\"http:\/\/www.domaine-des-essarts.com\/wp-content\/uploads\/2023\/04\/Chardonnay-2.png\",\"contentUrl\":\"http:\/\/www.domaine-des-essarts.com\/wp-content\/uploads\/2023\/04\/Chardonnay-2.png\"},{\"@type\":\"BreadcrumbList\",\"@id\":\"https:\/\/domaine-des-essarts.com\/index.php\/blancs-secs-vin-vigne-vin-de-lanjou-vin-de-france-leger-fruite-peu-de-sucre-accord-mets-vin-couleur-claire-acide-note-florales\/#breadcrumb\",\"itemListElement\":[{\"@type\":\"ListItem\",\"position\":1,\"name\":\"Accueil\",\"item\":\"https:\/\/domaine-des-essarts.com\/\"},{\"@type\":\"ListItem\",\"position\":2,\"name\":\"Blancs secs\"}]},{\"@type\":\"WebSite\",\"@id\":\"https:\/\/www.domaine-des-essarts.com\/#website\",\"url\":\"https:\/\/www.domaine-des-essarts.com\/\",\"name\":\"Domaine des Essarts\",\"description\":\"Viticulteurs Maine et Loire\",\"potentialAction\":[{\"@type\":\"SearchAction\",\"target\":{\"@type\":\"EntryPoint\",\"urlTemplate\":\"https:\/\/www.domaine-des-essarts.com\/?s={search_term_string}\"},\"query-input\":{\"@type\":\"PropertyValueSpecification\",\"valueRequired\":true,\"valueName\":\"search_term_string\"}}],\"inLanguage\":\"fr-FR\"}]}<\/script>\n<!-- \/ Yoast SEO plugin. -->","yoast_head_json":{"title":"Blancs secs - Domaine des Essarts les blancs secs vins de l'Anjou","description":"d\u00e9couvrez l'\u00e9l\u00e9gance des vins blancs secs, des ar\u00f4mes vifs de fruit et de fleurs, une acidit\u00e9 rafra\u00eechissante et une texture l\u00e9g\u00e8re \u00e0 moyenne","robots":{"index":"index","follow":"follow","max-snippet":"max-snippet:-1","max-image-preview":"max-image-preview:large","max-video-preview":"max-video-preview:-1"},"canonical":"https:\/\/domaine-des-essarts.com\/index.php\/blancs-secs-vin-vigne-vin-de-lanjou-vin-de-france-leger-fruite-peu-de-sucre-accord-mets-vin-couleur-claire-acide-note-florales\/","og_locale":"fr_FR","og_type":"article","og_title":"Blancs secs - Domaine des Essarts les blancs secs vins de l'Anjou","og_description":"d\u00e9couvrez l'\u00e9l\u00e9gance des vins blancs secs, des ar\u00f4mes vifs de fruit et de fleurs, une acidit\u00e9 rafra\u00eechissante et une texture l\u00e9g\u00e8re \u00e0 moyenne","og_url":"https:\/\/domaine-des-essarts.com\/index.php\/blancs-secs-vin-vigne-vin-de-lanjou-vin-de-france-leger-fruite-peu-de-sucre-accord-mets-vin-couleur-claire-acide-note-florales\/","og_site_name":"Domaine des Essarts","article_modified_time":"2024-06-04T13:20:31+00:00","og_image":[{"url":"http:\/\/www.domaine-des-essarts.com\/wp-content\/uploads\/2023\/04\/Chardonnay-2.png","type":"","width":"","height":""}],"twitter_card":"summary_large_image","twitter_misc":{"Dur\u00e9e de lecture estim\u00e9e":"1 minute"},"schema":{"@context":"https:\/\/schema.org","@graph":[{"@type":"WebPage","@id":"https:\/\/domaine-des-essarts.com\/index.php\/blancs-secs-vin-vigne-vin-de-lanjou-vin-de-france-leger-fruite-peu-de-sucre-accord-mets-vin-couleur-claire-acide-note-florales\/","url":"https:\/\/domaine-des-essarts.com\/index.php\/blancs-secs-vin-vigne-vin-de-lanjou-vin-de-france-leger-fruite-peu-de-sucre-accord-mets-vin-couleur-claire-acide-note-florales\/","name":"Blancs secs - Domaine des Essarts les blancs secs vins de l'Anjou","isPartOf":{"@id":"https:\/\/www.domaine-des-essarts.com\/#website"},"primaryImageOfPage":{"@id":"https:\/\/domaine-des-essarts.com\/index.php\/blancs-secs-vin-vigne-vin-de-lanjou-vin-de-france-leger-fruite-peu-de-sucre-accord-mets-vin-couleur-claire-acide-note-florales\/#primaryimage"},"image":{"@id":"https:\/\/domaine-des-essarts.com\/index.php\/blancs-secs-vin-vigne-vin-de-lanjou-vin-de-france-leger-fruite-peu-de-sucre-accord-mets-vin-couleur-claire-acide-note-florales\/#primaryimage"},"thumbnailUrl":"http:\/\/www.domaine-des-essarts.com\/wp-content\/uploads\/2023\/04\/Chardonnay-2.png","datePublished":"2023-04-17T13:17:05+00:00","dateModified":"2024-06-04T13:20:31+00:00","description":"d\u00e9couvrez l'\u00e9l\u00e9gance des vins blancs secs, des ar\u00f4mes vifs de fruit et de fleurs, une acidit\u00e9 rafra\u00eechissante et une texture l\u00e9g\u00e8re \u00e0 moyenne","breadcrumb":{"@id":"https:\/\/domaine-des-essarts.com\/index.php\/blancs-secs-vin-vigne-vin-de-lanjou-vin-de-france-leger-fruite-peu-de-sucre-accord-mets-vin-couleur-claire-acide-note-florales\/#breadcrumb"},"inLanguage":"fr-FR","potentialAction":[{"@type":"ReadAction","target":["https:\/\/domaine-des-essarts.com\/index.php\/blancs-secs-vin-vigne-vin-de-lanjou-vin-de-france-leger-fruite-peu-de-sucre-accord-mets-vin-couleur-claire-acide-note-florales\/"]}]},{"@type":"ImageObject","inLanguage":"fr-FR","@id":"https:\/\/domaine-des-essarts.com\/index.php\/blancs-secs-vin-vigne-vin-de-lanjou-vin-de-france-leger-fruite-peu-de-sucre-accord-mets-vin-couleur-claire-acide-note-florales\/#primaryimage","url":"http:\/\/www.domaine-des-essarts.com\/wp-content\/uploads\/2023\/04\/Chardonnay-2.png","contentUrl":"http:\/\/www.domaine-des-essarts.com\/wp-content\/uploads\/2023\/04\/Chardonnay-2.png"},{"@type":"BreadcrumbList","@id":"https:\/\/domaine-des-essarts.com\/index.php\/blancs-secs-vin-vigne-vin-de-lanjou-vin-de-france-leger-fruite-peu-de-sucre-accord-mets-vin-couleur-claire-acide-note-florales\/#breadcrumb","itemListElement":[{"@type":"ListItem","position":1,"name":"Accueil","item":"https:\/\/domaine-des-essarts.com\/"},{"@type":"ListItem","position":2,"name":"Blancs secs"}]},{"@type":"WebSite","@id":"https:\/\/www.domaine-des-essarts.com\/#website","url":"https:\/\/www.domaine-des-essarts.com\/","name":"Domaine des Essarts","description":"Viticulteurs Maine et Loire","potentialAction":[{"@type":"SearchAction","target":{"@type":"EntryPoint","urlTemplate":"https:\/\/www.domaine-des-essarts.com\/?s={search_term_string}"},"query-input":{"@type":"PropertyValueSpecification","valueRequired":true,"valueName":"search_term_string"}}],"inLanguage":"fr-FR"}]}},"_links":{"self":[{"href":"https:\/\/domaine-des-essarts.com\/index.php\/wp-json\/wp\/v2\/pages\/25","targetHints":{"allow":["GET"]}}],"collection":[{"href":"https:\/\/domaine-des-essarts.com\/index.php\/wp-json\/wp\/v2\/pages"}],"about":[{"href":"https:\/\/domaine-des-essarts.com\/index.php\/wp-json\/wp\/v2\/types\/page"}],"author":[{"embeddable":true,"href":"https:\/\/domaine-des-essarts.com\/index.php\/wp-json\/wp\/v2\/users\/1"}],"replies":[{"embeddable":true,"href":"https:\/\/domaine-des-essarts.com\/index.php\/wp-json\/wp\/v2\/comments?post=25"}],"version-history":[{"count":5,"href":"https:\/\/domaine-des-essarts.com\/index.php\/wp-json\/wp\/v2\/pages\/25\/revisions"}],"predecessor-version":[{"id":416,"href":"https:\/\/domaine-des-essarts.com\/index.php\/wp-json\/wp\/v2\/pages\/25\/revisions\/416"}],"wp:attachment":[{"href":"https:\/\/domaine-des-essarts.com\/index.php\/wp-json\/wp\/v2\/media?parent=25"}],"curies":[{"name":"wp","href":"https:\/\/api.w.org\/{rel}","templated":true}]}}