{"id":27,"date":"2023-04-17T15:17:20","date_gmt":"2023-04-17T13:17:20","guid":{"rendered":"http:\/\/domaine-des-essarts.com\/?page_id=27"},"modified":"2024-06-05T08:12:40","modified_gmt":"2024-06-05T08:12:40","slug":"sauvignon-vin-blanc-sec-parfume","status":"publish","type":"page","link":"https:\/\/domaine-des-essarts.com\/index.php\/sauvignon-vin-blanc-sec-parfume\/","title":{"rendered":"Sauvignon"},"content":{"rendered":"\n<div class=\"wp-block-media-text alignwide is-stacked-on-mobile has-background\" style=\"background-color:#e5e5e5;grid-template-columns:24% auto\"><figure class=\"wp-block-media-text__media\"><img fetchpriority=\"high\" decoding=\"async\" width=\"340\" height=\"1024\" src=\"http:\/\/www.domaine-des-essarts.com\/wp-content\/uploads\/2023\/04\/Sauvignon-1-340x1024.png\" alt=\"\" class=\"wp-image-152 size-full\" srcset=\"https:\/\/domaine-des-essarts.com\/wp-content\/uploads\/2023\/04\/Sauvignon-1-340x1024.png 340w, https:\/\/domaine-des-essarts.com\/wp-content\/uploads\/2023\/04\/Sauvignon-1-100x300.png 100w, https:\/\/domaine-des-essarts.com\/wp-content\/uploads\/2023\/04\/Sauvignon-1-768x2311.png 768w, https:\/\/domaine-des-essarts.com\/wp-content\/uploads\/2023\/04\/Sauvignon-1-510x1536.png 510w, https:\/\/domaine-des-essarts.com\/wp-content\/uploads\/2023\/04\/Sauvignon-1-680x2048.png 680w, https:\/\/domaine-des-essarts.com\/wp-content\/uploads\/2023\/04\/Sauvignon-1.png 1236w\" sizes=\"(max-width: 340px) 100vw, 340px\" \/><\/figure><div class=\"wp-block-media-text__content\">\n<h2 class=\"wp-block-heading\">Sauvignon<\/h2>\n\n\n\n<p class=\"has-small-font-size\"><strong>Vin de France<\/strong><\/p>\n\n\n\n<p class=\"has-small-font-size\">Vin blanc sec tr\u00e8s parfum\u00e9, aux ar\u00f4mes de fleur prononc\u00e9s.<br>Se consomme jeune et frais, de pr\u00e9f\u00e9rence avec les poissons et hors d&rsquo;\u0153uvre.<\/p>\n\n\n\n<p class=\"has-small-font-size\">C\u00e9page : 100% Sauvignon<br>Garde : 3 ans<br>Servir \u00e0 6 &#8211; 8 \u00b0C<br>Conditionnement : Vrac\/Bouteilles<\/p>\n\n\n\n<p><strong><a href=\"https:\/\/domaine-des-essarts.com\/index.php\/tarifs\/\"><em>D\u00e9couvrir nos tarifs<\/em><\/a><\/strong><\/p>\n<\/div><\/div>\n","protected":false},"excerpt":{"rendered":"<p>Sauvignon Vin de France Vin blanc sec tr\u00e8s parfum\u00e9, aux ar\u00f4mes de fleur prononc\u00e9s.Se consomme jeune et frais, de pr\u00e9f\u00e9rence avec les poissons et hors d&rsquo;\u0153uvre. C\u00e9page : 100% SauvignonGarde : 3 ansServir \u00e0 6 &#8211; 8 \u00b0CConditionnement : Vrac\/Bouteilles D\u00e9couvrir nos tarifs<\/p>\n","protected":false},"author":1,"featured_media":0,"parent":0,"menu_order":0,"comment_status":"closed","ping_status":"closed","template":"","meta":{"footnotes":""},"class_list":["post-27","page","type-page","status-publish","hentry"],"yoast_head":"<!-- This site is optimized with the Yoast SEO plugin v27.2 - https:\/\/yoast.com\/product\/yoast-seo-wordpress\/ -->\n<title>Sauvignon - vin blanc - Domaine des Essarts<\/title>\n<meta name=\"description\" content=\"Vin blanc sec aromatique, poss\u00e9dant une acidit\u00e9 fra\u00eeche avec des saveurs d&#039;agrumes, de citron vert, fruit de la passion et de p\u00eache.\" \/>\n<meta name=\"robots\" content=\"index, follow, max-snippet:-1, max-image-preview:large, max-video-preview:-1\" \/>\n<link rel=\"canonical\" href=\"https:\/\/domaine-des-essarts.com\/index.php\/sauvignon-vin-blanc-sec-parfume\/\" \/>\n<meta property=\"og:locale\" content=\"fr_FR\" \/>\n<meta property=\"og:type\" content=\"article\" \/>\n<meta property=\"og:title\" content=\"Sauvignon - vin blanc - Domaine des Essarts\" \/>\n<meta property=\"og:description\" content=\"Vin blanc sec aromatique, poss\u00e9dant une acidit\u00e9 fra\u00eeche avec des saveurs d&#039;agrumes, de citron vert, fruit de la passion et de p\u00eache.\" \/>\n<meta property=\"og:url\" content=\"https:\/\/domaine-des-essarts.com\/index.php\/sauvignon-vin-blanc-sec-parfume\/\" \/>\n<meta property=\"og:site_name\" content=\"Domaine des Essarts\" \/>\n<meta property=\"article:modified_time\" content=\"2024-06-05T08:12:40+00:00\" \/>\n<meta property=\"og:image\" content=\"http:\/\/www.domaine-des-essarts.com\/wp-content\/uploads\/2023\/04\/Sauvignon-1-340x1024.png\" \/>\n<meta name=\"twitter:card\" content=\"summary_large_image\" \/>\n<meta name=\"twitter:label1\" content=\"Dur\u00e9e de lecture estim\u00e9e\" \/>\n\t<meta name=\"twitter:data1\" content=\"1 minute\" \/>\n<script type=\"application\/ld+json\" class=\"yoast-schema-graph\">{\"@context\":\"https:\/\/schema.org\",\"@graph\":[{\"@type\":\"WebPage\",\"@id\":\"https:\/\/domaine-des-essarts.com\/index.php\/sauvignon-vin-blanc-sec-parfume\/\",\"url\":\"https:\/\/domaine-des-essarts.com\/index.php\/sauvignon-vin-blanc-sec-parfume\/\",\"name\":\"Sauvignon - vin blanc - Domaine des Essarts\",\"isPartOf\":{\"@id\":\"https:\/\/www.domaine-des-essarts.com\/#website\"},\"primaryImageOfPage\":{\"@id\":\"https:\/\/domaine-des-essarts.com\/index.php\/sauvignon-vin-blanc-sec-parfume\/#primaryimage\"},\"image\":{\"@id\":\"https:\/\/domaine-des-essarts.com\/index.php\/sauvignon-vin-blanc-sec-parfume\/#primaryimage\"},\"thumbnailUrl\":\"http:\/\/www.domaine-des-essarts.com\/wp-content\/uploads\/2023\/04\/Sauvignon-1-340x1024.png\",\"datePublished\":\"2023-04-17T13:17:20+00:00\",\"dateModified\":\"2024-06-05T08:12:40+00:00\",\"description\":\"Vin blanc sec aromatique, poss\u00e9dant une acidit\u00e9 fra\u00eeche avec des saveurs d'agrumes, de citron vert, fruit de la passion et de p\u00eache.\",\"breadcrumb\":{\"@id\":\"https:\/\/domaine-des-essarts.com\/index.php\/sauvignon-vin-blanc-sec-parfume\/#breadcrumb\"},\"inLanguage\":\"fr-FR\",\"potentialAction\":[{\"@type\":\"ReadAction\",\"target\":[\"https:\/\/domaine-des-essarts.com\/index.php\/sauvignon-vin-blanc-sec-parfume\/\"]}]},{\"@type\":\"ImageObject\",\"inLanguage\":\"fr-FR\",\"@id\":\"https:\/\/domaine-des-essarts.com\/index.php\/sauvignon-vin-blanc-sec-parfume\/#primaryimage\",\"url\":\"http:\/\/www.domaine-des-essarts.com\/wp-content\/uploads\/2023\/04\/Sauvignon-1-340x1024.png\",\"contentUrl\":\"http:\/\/www.domaine-des-essarts.com\/wp-content\/uploads\/2023\/04\/Sauvignon-1-340x1024.png\"},{\"@type\":\"BreadcrumbList\",\"@id\":\"https:\/\/domaine-des-essarts.com\/index.php\/sauvignon-vin-blanc-sec-parfume\/#breadcrumb\",\"itemListElement\":[{\"@type\":\"ListItem\",\"position\":1,\"name\":\"Accueil\",\"item\":\"https:\/\/domaine-des-essarts.com\/\"},{\"@type\":\"ListItem\",\"position\":2,\"name\":\"Sauvignon\"}]},{\"@type\":\"WebSite\",\"@id\":\"https:\/\/www.domaine-des-essarts.com\/#website\",\"url\":\"https:\/\/www.domaine-des-essarts.com\/\",\"name\":\"Domaine des Essarts\",\"description\":\"Viticulteurs Maine et Loire\",\"potentialAction\":[{\"@type\":\"SearchAction\",\"target\":{\"@type\":\"EntryPoint\",\"urlTemplate\":\"https:\/\/www.domaine-des-essarts.com\/?s={search_term_string}\"},\"query-input\":{\"@type\":\"PropertyValueSpecification\",\"valueRequired\":true,\"valueName\":\"search_term_string\"}}],\"inLanguage\":\"fr-FR\"}]}<\/script>\n<!-- \/ Yoast SEO plugin. -->","yoast_head_json":{"title":"Sauvignon - vin blanc - Domaine des Essarts","description":"Vin blanc sec aromatique, poss\u00e9dant une acidit\u00e9 fra\u00eeche avec des saveurs d'agrumes, de citron vert, fruit de la passion et de p\u00eache.","robots":{"index":"index","follow":"follow","max-snippet":"max-snippet:-1","max-image-preview":"max-image-preview:large","max-video-preview":"max-video-preview:-1"},"canonical":"https:\/\/domaine-des-essarts.com\/index.php\/sauvignon-vin-blanc-sec-parfume\/","og_locale":"fr_FR","og_type":"article","og_title":"Sauvignon - vin blanc - Domaine des Essarts","og_description":"Vin blanc sec aromatique, poss\u00e9dant une acidit\u00e9 fra\u00eeche avec des saveurs d'agrumes, de citron vert, fruit de la passion et de p\u00eache.","og_url":"https:\/\/domaine-des-essarts.com\/index.php\/sauvignon-vin-blanc-sec-parfume\/","og_site_name":"Domaine des Essarts","article_modified_time":"2024-06-05T08:12:40+00:00","og_image":[{"url":"http:\/\/www.domaine-des-essarts.com\/wp-content\/uploads\/2023\/04\/Sauvignon-1-340x1024.png","type":"","width":"","height":""}],"twitter_card":"summary_large_image","twitter_misc":{"Dur\u00e9e de lecture estim\u00e9e":"1 minute"},"schema":{"@context":"https:\/\/schema.org","@graph":[{"@type":"WebPage","@id":"https:\/\/domaine-des-essarts.com\/index.php\/sauvignon-vin-blanc-sec-parfume\/","url":"https:\/\/domaine-des-essarts.com\/index.php\/sauvignon-vin-blanc-sec-parfume\/","name":"Sauvignon - vin blanc - Domaine des Essarts","isPartOf":{"@id":"https:\/\/www.domaine-des-essarts.com\/#website"},"primaryImageOfPage":{"@id":"https:\/\/domaine-des-essarts.com\/index.php\/sauvignon-vin-blanc-sec-parfume\/#primaryimage"},"image":{"@id":"https:\/\/domaine-des-essarts.com\/index.php\/sauvignon-vin-blanc-sec-parfume\/#primaryimage"},"thumbnailUrl":"http:\/\/www.domaine-des-essarts.com\/wp-content\/uploads\/2023\/04\/Sauvignon-1-340x1024.png","datePublished":"2023-04-17T13:17:20+00:00","dateModified":"2024-06-05T08:12:40+00:00","description":"Vin blanc sec aromatique, poss\u00e9dant une acidit\u00e9 fra\u00eeche avec des saveurs d'agrumes, de citron vert, fruit de la passion et de p\u00eache.","breadcrumb":{"@id":"https:\/\/domaine-des-essarts.com\/index.php\/sauvignon-vin-blanc-sec-parfume\/#breadcrumb"},"inLanguage":"fr-FR","potentialAction":[{"@type":"ReadAction","target":["https:\/\/domaine-des-essarts.com\/index.php\/sauvignon-vin-blanc-sec-parfume\/"]}]},{"@type":"ImageObject","inLanguage":"fr-FR","@id":"https:\/\/domaine-des-essarts.com\/index.php\/sauvignon-vin-blanc-sec-parfume\/#primaryimage","url":"http:\/\/www.domaine-des-essarts.com\/wp-content\/uploads\/2023\/04\/Sauvignon-1-340x1024.png","contentUrl":"http:\/\/www.domaine-des-essarts.com\/wp-content\/uploads\/2023\/04\/Sauvignon-1-340x1024.png"},{"@type":"BreadcrumbList","@id":"https:\/\/domaine-des-essarts.com\/index.php\/sauvignon-vin-blanc-sec-parfume\/#breadcrumb","itemListElement":[{"@type":"ListItem","position":1,"name":"Accueil","item":"https:\/\/domaine-des-essarts.com\/"},{"@type":"ListItem","position":2,"name":"Sauvignon"}]},{"@type":"WebSite","@id":"https:\/\/www.domaine-des-essarts.com\/#website","url":"https:\/\/www.domaine-des-essarts.com\/","name":"Domaine des Essarts","description":"Viticulteurs Maine et Loire","potentialAction":[{"@type":"SearchAction","target":{"@type":"EntryPoint","urlTemplate":"https:\/\/www.domaine-des-essarts.com\/?s={search_term_string}"},"query-input":{"@type":"PropertyValueSpecification","valueRequired":true,"valueName":"search_term_string"}}],"inLanguage":"fr-FR"}]}},"_links":{"self":[{"href":"https:\/\/domaine-des-essarts.com\/index.php\/wp-json\/wp\/v2\/pages\/27","targetHints":{"allow":["GET"]}}],"collection":[{"href":"https:\/\/domaine-des-essarts.com\/index.php\/wp-json\/wp\/v2\/pages"}],"about":[{"href":"https:\/\/domaine-des-essarts.com\/index.php\/wp-json\/wp\/v2\/types\/page"}],"author":[{"embeddable":true,"href":"https:\/\/domaine-des-essarts.com\/index.php\/wp-json\/wp\/v2\/users\/1"}],"replies":[{"embeddable":true,"href":"https:\/\/domaine-des-essarts.com\/index.php\/wp-json\/wp\/v2\/comments?post=27"}],"version-history":[{"count":4,"href":"https:\/\/domaine-des-essarts.com\/index.php\/wp-json\/wp\/v2\/pages\/27\/revisions"}],"predecessor-version":[{"id":432,"href":"https:\/\/domaine-des-essarts.com\/index.php\/wp-json\/wp\/v2\/pages\/27\/revisions\/432"}],"wp:attachment":[{"href":"https:\/\/domaine-des-essarts.com\/index.php\/wp-json\/wp\/v2\/media?parent=27"}],"curies":[{"name":"wp","href":"https:\/\/api.w.org\/{rel}","templated":true}]}}