{"id":33,"date":"2023-04-17T15:17:54","date_gmt":"2023-04-17T13:17:54","guid":{"rendered":"http:\/\/domaine-des-essarts.com\/?page_id=33"},"modified":"2024-06-05T07:35:12","modified_gmt":"2024-06-05T07:35:12","slug":"plaisir-des-anges-rose-de-loire-vin-sec-leger","status":"publish","type":"page","link":"https:\/\/domaine-des-essarts.com\/index.php\/plaisir-des-anges-rose-de-loire-vin-sec-leger\/","title":{"rendered":"Plaisir des Anges"},"content":{"rendered":"\n<div class=\"wp-block-media-text alignwide is-stacked-on-mobile has-background\" style=\"background-color:#e5e5e5;grid-template-columns:24% auto\"><figure class=\"wp-block-media-text__media\"><img fetchpriority=\"high\" decoding=\"async\" width=\"351\" height=\"1024\" src=\"http:\/\/www.domaine-des-essarts.com\/wp-content\/uploads\/2023\/04\/PlaisirAnges-351x1024.png\" alt=\"\" class=\"wp-image-151 size-full\" srcset=\"https:\/\/domaine-des-essarts.com\/wp-content\/uploads\/2023\/04\/PlaisirAnges-351x1024.png 351w, https:\/\/domaine-des-essarts.com\/wp-content\/uploads\/2023\/04\/PlaisirAnges-103x300.png 103w, https:\/\/domaine-des-essarts.com\/wp-content\/uploads\/2023\/04\/PlaisirAnges-768x2239.png 768w, https:\/\/domaine-des-essarts.com\/wp-content\/uploads\/2023\/04\/PlaisirAnges-527x1536.png 527w, https:\/\/domaine-des-essarts.com\/wp-content\/uploads\/2023\/04\/PlaisirAnges-703x2048.png 703w, https:\/\/domaine-des-essarts.com\/wp-content\/uploads\/2023\/04\/PlaisirAnges.png 1272w\" sizes=\"(max-width: 351px) 100vw, 351px\" \/><\/figure><div class=\"wp-block-media-text__content\">\n<h2 class=\"wp-block-heading\">Plaisir des Anges<\/h2>\n\n\n\n<p class=\"has-small-font-size\"><strong>Ros\u00e9 de Loire<\/strong><\/p>\n\n\n\n<p class=\"has-small-font-size\">Vin sec, franc et l\u00e9ger. A servir avec des entr\u00e9es chaudes et charcuteries ou quelques rillauds.<br>C&rsquo;est le vin id\u00e9al pour accompagner les repas l\u00e9gers, pizzas, grillades.<\/p>\n\n\n\n<p class=\"has-small-font-size\">C\u00e9page : Grolleau (70%) &#8211; Gamay (15%) &#8211; Cabernet (15%)<br>Garde : A boire dans sa jeunesse<br>Servir \u00e0 6\u00b0C<br>Conditionnement : Vrac\/Bouteilles<\/p>\n\n\n\n<p><strong><a href=\"https:\/\/domaine-des-essarts.com\/index.php\/tarifs\/\"><em>D\u00e9couvrir nos tarifs<\/em><\/a><\/strong><\/p>\n<\/div><\/div>\n","protected":false},"excerpt":{"rendered":"<p>Plaisir des Anges Ros\u00e9 de Loire Vin sec, franc et l\u00e9ger. A servir avec des entr\u00e9es chaudes et charcuteries ou quelques rillauds.C&rsquo;est le vin id\u00e9al pour accompagner les repas l\u00e9gers, pizzas, grillades. C\u00e9page : Grolleau (70%) &#8211; Gamay (15%) &#8211; Cabernet (15%)Garde : A boire dans sa jeunesseServir \u00e0 6\u00b0CConditionnement : Vrac\/Bouteilles D\u00e9couvrir nos tarifs<\/p>\n","protected":false},"author":1,"featured_media":0,"parent":0,"menu_order":0,"comment_status":"closed","ping_status":"closed","template":"","meta":{"footnotes":""},"class_list":["post-33","page","type-page","status-publish","hentry"],"yoast_head":"<!-- This site is optimized with the Yoast SEO plugin v27.2 - https:\/\/yoast.com\/product\/yoast-seo-wordpress\/ -->\n<title>Plaisir des Anges - Domaine des Essarts - Ros\u00e9 de Loire<\/title>\n<meta name=\"description\" content=\"Vin sec,avec peu de sucrosit\u00e9 et tr\u00e8s l\u00e9ger. Il accompagne ainsi facilement un repas de l&#039;entr\u00e9e jusqu&#039;au fromage.\" \/>\n<meta name=\"robots\" content=\"index, follow, max-snippet:-1, max-image-preview:large, max-video-preview:-1\" \/>\n<link rel=\"canonical\" href=\"https:\/\/domaine-des-essarts.com\/index.php\/plaisir-des-anges-rose-de-loire-vin-sec-leger\/\" \/>\n<meta property=\"og:locale\" content=\"fr_FR\" \/>\n<meta property=\"og:type\" content=\"article\" \/>\n<meta property=\"og:title\" content=\"Plaisir des Anges - Domaine des Essarts - Ros\u00e9 de Loire\" \/>\n<meta property=\"og:description\" content=\"Vin sec,avec peu de sucrosit\u00e9 et tr\u00e8s l\u00e9ger. Il accompagne ainsi facilement un repas de l&#039;entr\u00e9e jusqu&#039;au fromage.\" \/>\n<meta property=\"og:url\" content=\"https:\/\/domaine-des-essarts.com\/index.php\/plaisir-des-anges-rose-de-loire-vin-sec-leger\/\" \/>\n<meta property=\"og:site_name\" content=\"Domaine des Essarts\" \/>\n<meta property=\"article:modified_time\" content=\"2024-06-05T07:35:12+00:00\" \/>\n<meta property=\"og:image\" content=\"http:\/\/www.domaine-des-essarts.com\/wp-content\/uploads\/2023\/04\/PlaisirAnges-351x1024.png\" \/>\n<meta name=\"twitter:card\" content=\"summary_large_image\" \/>\n<meta name=\"twitter:label1\" content=\"Dur\u00e9e de lecture estim\u00e9e\" \/>\n\t<meta name=\"twitter:data1\" content=\"1 minute\" \/>\n<script type=\"application\/ld+json\" class=\"yoast-schema-graph\">{\"@context\":\"https:\/\/schema.org\",\"@graph\":[{\"@type\":\"WebPage\",\"@id\":\"https:\/\/domaine-des-essarts.com\/index.php\/plaisir-des-anges-rose-de-loire-vin-sec-leger\/\",\"url\":\"https:\/\/domaine-des-essarts.com\/index.php\/plaisir-des-anges-rose-de-loire-vin-sec-leger\/\",\"name\":\"Plaisir des Anges - Domaine des Essarts - Ros\u00e9 de Loire\",\"isPartOf\":{\"@id\":\"https:\/\/www.domaine-des-essarts.com\/#website\"},\"primaryImageOfPage\":{\"@id\":\"https:\/\/domaine-des-essarts.com\/index.php\/plaisir-des-anges-rose-de-loire-vin-sec-leger\/#primaryimage\"},\"image\":{\"@id\":\"https:\/\/domaine-des-essarts.com\/index.php\/plaisir-des-anges-rose-de-loire-vin-sec-leger\/#primaryimage\"},\"thumbnailUrl\":\"http:\/\/www.domaine-des-essarts.com\/wp-content\/uploads\/2023\/04\/PlaisirAnges-351x1024.png\",\"datePublished\":\"2023-04-17T13:17:54+00:00\",\"dateModified\":\"2024-06-05T07:35:12+00:00\",\"description\":\"Vin sec,avec peu de sucrosit\u00e9 et tr\u00e8s l\u00e9ger. Il accompagne ainsi facilement un repas de l'entr\u00e9e jusqu'au fromage.\",\"breadcrumb\":{\"@id\":\"https:\/\/domaine-des-essarts.com\/index.php\/plaisir-des-anges-rose-de-loire-vin-sec-leger\/#breadcrumb\"},\"inLanguage\":\"fr-FR\",\"potentialAction\":[{\"@type\":\"ReadAction\",\"target\":[\"https:\/\/domaine-des-essarts.com\/index.php\/plaisir-des-anges-rose-de-loire-vin-sec-leger\/\"]}]},{\"@type\":\"ImageObject\",\"inLanguage\":\"fr-FR\",\"@id\":\"https:\/\/domaine-des-essarts.com\/index.php\/plaisir-des-anges-rose-de-loire-vin-sec-leger\/#primaryimage\",\"url\":\"http:\/\/www.domaine-des-essarts.com\/wp-content\/uploads\/2023\/04\/PlaisirAnges-351x1024.png\",\"contentUrl\":\"http:\/\/www.domaine-des-essarts.com\/wp-content\/uploads\/2023\/04\/PlaisirAnges-351x1024.png\"},{\"@type\":\"BreadcrumbList\",\"@id\":\"https:\/\/domaine-des-essarts.com\/index.php\/plaisir-des-anges-rose-de-loire-vin-sec-leger\/#breadcrumb\",\"itemListElement\":[{\"@type\":\"ListItem\",\"position\":1,\"name\":\"Accueil\",\"item\":\"https:\/\/domaine-des-essarts.com\/\"},{\"@type\":\"ListItem\",\"position\":2,\"name\":\"Plaisir des Anges\"}]},{\"@type\":\"WebSite\",\"@id\":\"https:\/\/www.domaine-des-essarts.com\/#website\",\"url\":\"https:\/\/www.domaine-des-essarts.com\/\",\"name\":\"Domaine des Essarts\",\"description\":\"Viticulteurs Maine et Loire\",\"potentialAction\":[{\"@type\":\"SearchAction\",\"target\":{\"@type\":\"EntryPoint\",\"urlTemplate\":\"https:\/\/www.domaine-des-essarts.com\/?s={search_term_string}\"},\"query-input\":{\"@type\":\"PropertyValueSpecification\",\"valueRequired\":true,\"valueName\":\"search_term_string\"}}],\"inLanguage\":\"fr-FR\"}]}<\/script>\n<!-- \/ Yoast SEO plugin. -->","yoast_head_json":{"title":"Plaisir des Anges - Domaine des Essarts - Ros\u00e9 de Loire","description":"Vin sec,avec peu de sucrosit\u00e9 et tr\u00e8s l\u00e9ger. Il accompagne ainsi facilement un repas de l'entr\u00e9e jusqu'au fromage.","robots":{"index":"index","follow":"follow","max-snippet":"max-snippet:-1","max-image-preview":"max-image-preview:large","max-video-preview":"max-video-preview:-1"},"canonical":"https:\/\/domaine-des-essarts.com\/index.php\/plaisir-des-anges-rose-de-loire-vin-sec-leger\/","og_locale":"fr_FR","og_type":"article","og_title":"Plaisir des Anges - Domaine des Essarts - Ros\u00e9 de Loire","og_description":"Vin sec,avec peu de sucrosit\u00e9 et tr\u00e8s l\u00e9ger. Il accompagne ainsi facilement un repas de l'entr\u00e9e jusqu'au fromage.","og_url":"https:\/\/domaine-des-essarts.com\/index.php\/plaisir-des-anges-rose-de-loire-vin-sec-leger\/","og_site_name":"Domaine des Essarts","article_modified_time":"2024-06-05T07:35:12+00:00","og_image":[{"url":"http:\/\/www.domaine-des-essarts.com\/wp-content\/uploads\/2023\/04\/PlaisirAnges-351x1024.png","type":"","width":"","height":""}],"twitter_card":"summary_large_image","twitter_misc":{"Dur\u00e9e de lecture estim\u00e9e":"1 minute"},"schema":{"@context":"https:\/\/schema.org","@graph":[{"@type":"WebPage","@id":"https:\/\/domaine-des-essarts.com\/index.php\/plaisir-des-anges-rose-de-loire-vin-sec-leger\/","url":"https:\/\/domaine-des-essarts.com\/index.php\/plaisir-des-anges-rose-de-loire-vin-sec-leger\/","name":"Plaisir des Anges - Domaine des Essarts - Ros\u00e9 de Loire","isPartOf":{"@id":"https:\/\/www.domaine-des-essarts.com\/#website"},"primaryImageOfPage":{"@id":"https:\/\/domaine-des-essarts.com\/index.php\/plaisir-des-anges-rose-de-loire-vin-sec-leger\/#primaryimage"},"image":{"@id":"https:\/\/domaine-des-essarts.com\/index.php\/plaisir-des-anges-rose-de-loire-vin-sec-leger\/#primaryimage"},"thumbnailUrl":"http:\/\/www.domaine-des-essarts.com\/wp-content\/uploads\/2023\/04\/PlaisirAnges-351x1024.png","datePublished":"2023-04-17T13:17:54+00:00","dateModified":"2024-06-05T07:35:12+00:00","description":"Vin sec,avec peu de sucrosit\u00e9 et tr\u00e8s l\u00e9ger. Il accompagne ainsi facilement un repas de l'entr\u00e9e jusqu'au fromage.","breadcrumb":{"@id":"https:\/\/domaine-des-essarts.com\/index.php\/plaisir-des-anges-rose-de-loire-vin-sec-leger\/#breadcrumb"},"inLanguage":"fr-FR","potentialAction":[{"@type":"ReadAction","target":["https:\/\/domaine-des-essarts.com\/index.php\/plaisir-des-anges-rose-de-loire-vin-sec-leger\/"]}]},{"@type":"ImageObject","inLanguage":"fr-FR","@id":"https:\/\/domaine-des-essarts.com\/index.php\/plaisir-des-anges-rose-de-loire-vin-sec-leger\/#primaryimage","url":"http:\/\/www.domaine-des-essarts.com\/wp-content\/uploads\/2023\/04\/PlaisirAnges-351x1024.png","contentUrl":"http:\/\/www.domaine-des-essarts.com\/wp-content\/uploads\/2023\/04\/PlaisirAnges-351x1024.png"},{"@type":"BreadcrumbList","@id":"https:\/\/domaine-des-essarts.com\/index.php\/plaisir-des-anges-rose-de-loire-vin-sec-leger\/#breadcrumb","itemListElement":[{"@type":"ListItem","position":1,"name":"Accueil","item":"https:\/\/domaine-des-essarts.com\/"},{"@type":"ListItem","position":2,"name":"Plaisir des Anges"}]},{"@type":"WebSite","@id":"https:\/\/www.domaine-des-essarts.com\/#website","url":"https:\/\/www.domaine-des-essarts.com\/","name":"Domaine des Essarts","description":"Viticulteurs Maine et Loire","potentialAction":[{"@type":"SearchAction","target":{"@type":"EntryPoint","urlTemplate":"https:\/\/www.domaine-des-essarts.com\/?s={search_term_string}"},"query-input":{"@type":"PropertyValueSpecification","valueRequired":true,"valueName":"search_term_string"}}],"inLanguage":"fr-FR"}]}},"_links":{"self":[{"href":"https:\/\/domaine-des-essarts.com\/index.php\/wp-json\/wp\/v2\/pages\/33","targetHints":{"allow":["GET"]}}],"collection":[{"href":"https:\/\/domaine-des-essarts.com\/index.php\/wp-json\/wp\/v2\/pages"}],"about":[{"href":"https:\/\/domaine-des-essarts.com\/index.php\/wp-json\/wp\/v2\/types\/page"}],"author":[{"embeddable":true,"href":"https:\/\/domaine-des-essarts.com\/index.php\/wp-json\/wp\/v2\/users\/1"}],"replies":[{"embeddable":true,"href":"https:\/\/domaine-des-essarts.com\/index.php\/wp-json\/wp\/v2\/comments?post=33"}],"version-history":[{"count":4,"href":"https:\/\/domaine-des-essarts.com\/index.php\/wp-json\/wp\/v2\/pages\/33\/revisions"}],"predecessor-version":[{"id":430,"href":"https:\/\/domaine-des-essarts.com\/index.php\/wp-json\/wp\/v2\/pages\/33\/revisions\/430"}],"wp:attachment":[{"href":"https:\/\/domaine-des-essarts.com\/index.php\/wp-json\/wp\/v2\/media?parent=33"}],"curies":[{"name":"wp","href":"https:\/\/api.w.org\/{rel}","templated":true}]}}