{"id":41,"date":"2023-04-17T15:18:59","date_gmt":"2023-04-17T13:18:59","guid":{"rendered":"http:\/\/domaine-des-essarts.com\/?page_id=41"},"modified":"2024-06-05T08:17:23","modified_gmt":"2024-06-05T08:17:23","slug":"terroir-des-anges-anjou-villages","status":"publish","type":"page","link":"https:\/\/domaine-des-essarts.com\/index.php\/terroir-des-anges-anjou-villages\/","title":{"rendered":"Terroir des Anges"},"content":{"rendered":"\n<div class=\"wp-block-media-text alignwide is-stacked-on-mobile has-background\" style=\"background-color:#e5e5e5;grid-template-columns:24% auto\"><figure class=\"wp-block-media-text__media\"><img fetchpriority=\"high\" decoding=\"async\" width=\"295\" height=\"1024\" src=\"http:\/\/www.domaine-des-essarts.com\/wp-content\/uploads\/2023\/04\/TerroirAnges-295x1024.png\" alt=\"\" class=\"wp-image-143 size-full\" srcset=\"https:\/\/domaine-des-essarts.com\/wp-content\/uploads\/2023\/04\/TerroirAnges-295x1024.png 295w, https:\/\/domaine-des-essarts.com\/wp-content\/uploads\/2023\/04\/TerroirAnges-86x300.png 86w, https:\/\/domaine-des-essarts.com\/wp-content\/uploads\/2023\/04\/TerroirAnges-442x1536.png 442w, https:\/\/domaine-des-essarts.com\/wp-content\/uploads\/2023\/04\/TerroirAnges-590x2048.png 590w, https:\/\/domaine-des-essarts.com\/wp-content\/uploads\/2023\/04\/TerroirAnges.png 680w\" sizes=\"(max-width: 295px) 100vw, 295px\" \/><\/figure><div class=\"wp-block-media-text__content\">\n<h2 class=\"wp-block-heading\">Terroir des Anges<\/h2>\n\n\n\n<p class=\"has-small-font-size\"><strong>Anjou Villages<\/strong><\/p>\n\n\n\n<p class=\"has-small-font-size\">Vin rouge profond et intense, l\u00e9g\u00e8rement bois\u00e9 aux tanins capiteux. Ample et puissant, il sublimera vos mets \u00e9labor\u00e9s, tels que gibiers, viandes en sauce, fromages relev\u00e9s.<\/p>\n\n\n\n<p class=\"has-small-font-size\">C\u00e9page : Cabernet franc et Cabernet sauvignon<br>Garde : 10 ans<br>Servir \u00e0 16 &#8211; 17\u00b0C<br>Conditionnement : Bouteilles<\/p>\n\n\n\n<p><strong><a href=\"https:\/\/domaine-des-essarts.com\/index.php\/tarifs\/\"><em>D\u00e9couvrir nos tarifs<\/em><\/a><\/strong><\/p>\n<\/div><\/div>\n","protected":false},"excerpt":{"rendered":"<p>Terroir des Anges Anjou Villages Vin rouge profond et intense, l\u00e9g\u00e8rement bois\u00e9 aux tanins capiteux. Ample et puissant, il sublimera vos mets \u00e9labor\u00e9s, tels que gibiers, viandes en sauce, fromages relev\u00e9s. C\u00e9page : Cabernet franc et Cabernet sauvignonGarde : 10 ansServir \u00e0 16 &#8211; 17\u00b0CConditionnement : Bouteilles D\u00e9couvrir nos tarifs<\/p>\n","protected":false},"author":1,"featured_media":0,"parent":0,"menu_order":0,"comment_status":"closed","ping_status":"closed","template":"","meta":{"footnotes":""},"class_list":["post-41","page","type-page","status-publish","hentry"],"yoast_head":"<!-- This site is optimized with the Yoast SEO plugin v27.2 - https:\/\/yoast.com\/product\/yoast-seo-wordpress\/ -->\n<title>Terroir des Anges - Anjou Villages - Domaine des Essarts<\/title>\n<meta name=\"description\" content=\"Ce vin fait preuve d&#039;une bonne longueur en bouche. Charpent\u00e9 et harmonieux, il est apte au vieillissement.\" \/>\n<meta name=\"robots\" content=\"index, follow, max-snippet:-1, max-image-preview:large, max-video-preview:-1\" \/>\n<link rel=\"canonical\" href=\"https:\/\/domaine-des-essarts.com\/index.php\/terroir-des-anges-anjou-villages\/\" \/>\n<meta property=\"og:locale\" content=\"fr_FR\" \/>\n<meta property=\"og:type\" content=\"article\" \/>\n<meta property=\"og:title\" content=\"Terroir des Anges - Anjou Villages - Domaine des Essarts\" \/>\n<meta property=\"og:description\" content=\"Ce vin fait preuve d&#039;une bonne longueur en bouche. Charpent\u00e9 et harmonieux, il est apte au vieillissement.\" \/>\n<meta property=\"og:url\" content=\"https:\/\/domaine-des-essarts.com\/index.php\/terroir-des-anges-anjou-villages\/\" \/>\n<meta property=\"og:site_name\" content=\"Domaine des Essarts\" \/>\n<meta property=\"article:modified_time\" content=\"2024-06-05T08:17:23+00:00\" \/>\n<meta property=\"og:image\" content=\"http:\/\/www.domaine-des-essarts.com\/wp-content\/uploads\/2023\/04\/TerroirAnges-295x1024.png\" \/>\n<meta name=\"twitter:card\" content=\"summary_large_image\" \/>\n<meta name=\"twitter:label1\" content=\"Dur\u00e9e de lecture estim\u00e9e\" \/>\n\t<meta name=\"twitter:data1\" content=\"1 minute\" \/>\n<script type=\"application\/ld+json\" class=\"yoast-schema-graph\">{\"@context\":\"https:\/\/schema.org\",\"@graph\":[{\"@type\":\"WebPage\",\"@id\":\"https:\/\/domaine-des-essarts.com\/index.php\/terroir-des-anges-anjou-villages\/\",\"url\":\"https:\/\/domaine-des-essarts.com\/index.php\/terroir-des-anges-anjou-villages\/\",\"name\":\"Terroir des Anges - Anjou Villages - Domaine des Essarts\",\"isPartOf\":{\"@id\":\"https:\/\/www.domaine-des-essarts.com\/#website\"},\"primaryImageOfPage\":{\"@id\":\"https:\/\/domaine-des-essarts.com\/index.php\/terroir-des-anges-anjou-villages\/#primaryimage\"},\"image\":{\"@id\":\"https:\/\/domaine-des-essarts.com\/index.php\/terroir-des-anges-anjou-villages\/#primaryimage\"},\"thumbnailUrl\":\"http:\/\/www.domaine-des-essarts.com\/wp-content\/uploads\/2023\/04\/TerroirAnges-295x1024.png\",\"datePublished\":\"2023-04-17T13:18:59+00:00\",\"dateModified\":\"2024-06-05T08:17:23+00:00\",\"description\":\"Ce vin fait preuve d'une bonne longueur en bouche. Charpent\u00e9 et harmonieux, il est apte au vieillissement.\",\"breadcrumb\":{\"@id\":\"https:\/\/domaine-des-essarts.com\/index.php\/terroir-des-anges-anjou-villages\/#breadcrumb\"},\"inLanguage\":\"fr-FR\",\"potentialAction\":[{\"@type\":\"ReadAction\",\"target\":[\"https:\/\/domaine-des-essarts.com\/index.php\/terroir-des-anges-anjou-villages\/\"]}]},{\"@type\":\"ImageObject\",\"inLanguage\":\"fr-FR\",\"@id\":\"https:\/\/domaine-des-essarts.com\/index.php\/terroir-des-anges-anjou-villages\/#primaryimage\",\"url\":\"http:\/\/www.domaine-des-essarts.com\/wp-content\/uploads\/2023\/04\/TerroirAnges-295x1024.png\",\"contentUrl\":\"http:\/\/www.domaine-des-essarts.com\/wp-content\/uploads\/2023\/04\/TerroirAnges-295x1024.png\"},{\"@type\":\"BreadcrumbList\",\"@id\":\"https:\/\/domaine-des-essarts.com\/index.php\/terroir-des-anges-anjou-villages\/#breadcrumb\",\"itemListElement\":[{\"@type\":\"ListItem\",\"position\":1,\"name\":\"Accueil\",\"item\":\"https:\/\/domaine-des-essarts.com\/\"},{\"@type\":\"ListItem\",\"position\":2,\"name\":\"Terroir des Anges\"}]},{\"@type\":\"WebSite\",\"@id\":\"https:\/\/www.domaine-des-essarts.com\/#website\",\"url\":\"https:\/\/www.domaine-des-essarts.com\/\",\"name\":\"Domaine des Essarts\",\"description\":\"Viticulteurs Maine et Loire\",\"potentialAction\":[{\"@type\":\"SearchAction\",\"target\":{\"@type\":\"EntryPoint\",\"urlTemplate\":\"https:\/\/www.domaine-des-essarts.com\/?s={search_term_string}\"},\"query-input\":{\"@type\":\"PropertyValueSpecification\",\"valueRequired\":true,\"valueName\":\"search_term_string\"}}],\"inLanguage\":\"fr-FR\"}]}<\/script>\n<!-- \/ Yoast SEO plugin. -->","yoast_head_json":{"title":"Terroir des Anges - Anjou Villages - Domaine des Essarts","description":"Ce vin fait preuve d'une bonne longueur en bouche. Charpent\u00e9 et harmonieux, il est apte au vieillissement.","robots":{"index":"index","follow":"follow","max-snippet":"max-snippet:-1","max-image-preview":"max-image-preview:large","max-video-preview":"max-video-preview:-1"},"canonical":"https:\/\/domaine-des-essarts.com\/index.php\/terroir-des-anges-anjou-villages\/","og_locale":"fr_FR","og_type":"article","og_title":"Terroir des Anges - Anjou Villages - Domaine des Essarts","og_description":"Ce vin fait preuve d'une bonne longueur en bouche. Charpent\u00e9 et harmonieux, il est apte au vieillissement.","og_url":"https:\/\/domaine-des-essarts.com\/index.php\/terroir-des-anges-anjou-villages\/","og_site_name":"Domaine des Essarts","article_modified_time":"2024-06-05T08:17:23+00:00","og_image":[{"url":"http:\/\/www.domaine-des-essarts.com\/wp-content\/uploads\/2023\/04\/TerroirAnges-295x1024.png","type":"","width":"","height":""}],"twitter_card":"summary_large_image","twitter_misc":{"Dur\u00e9e de lecture estim\u00e9e":"1 minute"},"schema":{"@context":"https:\/\/schema.org","@graph":[{"@type":"WebPage","@id":"https:\/\/domaine-des-essarts.com\/index.php\/terroir-des-anges-anjou-villages\/","url":"https:\/\/domaine-des-essarts.com\/index.php\/terroir-des-anges-anjou-villages\/","name":"Terroir des Anges - Anjou Villages - Domaine des Essarts","isPartOf":{"@id":"https:\/\/www.domaine-des-essarts.com\/#website"},"primaryImageOfPage":{"@id":"https:\/\/domaine-des-essarts.com\/index.php\/terroir-des-anges-anjou-villages\/#primaryimage"},"image":{"@id":"https:\/\/domaine-des-essarts.com\/index.php\/terroir-des-anges-anjou-villages\/#primaryimage"},"thumbnailUrl":"http:\/\/www.domaine-des-essarts.com\/wp-content\/uploads\/2023\/04\/TerroirAnges-295x1024.png","datePublished":"2023-04-17T13:18:59+00:00","dateModified":"2024-06-05T08:17:23+00:00","description":"Ce vin fait preuve d'une bonne longueur en bouche. Charpent\u00e9 et harmonieux, il est apte au vieillissement.","breadcrumb":{"@id":"https:\/\/domaine-des-essarts.com\/index.php\/terroir-des-anges-anjou-villages\/#breadcrumb"},"inLanguage":"fr-FR","potentialAction":[{"@type":"ReadAction","target":["https:\/\/domaine-des-essarts.com\/index.php\/terroir-des-anges-anjou-villages\/"]}]},{"@type":"ImageObject","inLanguage":"fr-FR","@id":"https:\/\/domaine-des-essarts.com\/index.php\/terroir-des-anges-anjou-villages\/#primaryimage","url":"http:\/\/www.domaine-des-essarts.com\/wp-content\/uploads\/2023\/04\/TerroirAnges-295x1024.png","contentUrl":"http:\/\/www.domaine-des-essarts.com\/wp-content\/uploads\/2023\/04\/TerroirAnges-295x1024.png"},{"@type":"BreadcrumbList","@id":"https:\/\/domaine-des-essarts.com\/index.php\/terroir-des-anges-anjou-villages\/#breadcrumb","itemListElement":[{"@type":"ListItem","position":1,"name":"Accueil","item":"https:\/\/domaine-des-essarts.com\/"},{"@type":"ListItem","position":2,"name":"Terroir des Anges"}]},{"@type":"WebSite","@id":"https:\/\/www.domaine-des-essarts.com\/#website","url":"https:\/\/www.domaine-des-essarts.com\/","name":"Domaine des Essarts","description":"Viticulteurs Maine et Loire","potentialAction":[{"@type":"SearchAction","target":{"@type":"EntryPoint","urlTemplate":"https:\/\/www.domaine-des-essarts.com\/?s={search_term_string}"},"query-input":{"@type":"PropertyValueSpecification","valueRequired":true,"valueName":"search_term_string"}}],"inLanguage":"fr-FR"}]}},"_links":{"self":[{"href":"https:\/\/domaine-des-essarts.com\/index.php\/wp-json\/wp\/v2\/pages\/41","targetHints":{"allow":["GET"]}}],"collection":[{"href":"https:\/\/domaine-des-essarts.com\/index.php\/wp-json\/wp\/v2\/pages"}],"about":[{"href":"https:\/\/domaine-des-essarts.com\/index.php\/wp-json\/wp\/v2\/types\/page"}],"author":[{"embeddable":true,"href":"https:\/\/domaine-des-essarts.com\/index.php\/wp-json\/wp\/v2\/users\/1"}],"replies":[{"embeddable":true,"href":"https:\/\/domaine-des-essarts.com\/index.php\/wp-json\/wp\/v2\/comments?post=41"}],"version-history":[{"count":4,"href":"https:\/\/domaine-des-essarts.com\/index.php\/wp-json\/wp\/v2\/pages\/41\/revisions"}],"predecessor-version":[{"id":433,"href":"https:\/\/domaine-des-essarts.com\/index.php\/wp-json\/wp\/v2\/pages\/41\/revisions\/433"}],"wp:attachment":[{"href":"https:\/\/domaine-des-essarts.com\/index.php\/wp-json\/wp\/v2\/media?parent=41"}],"curies":[{"name":"wp","href":"https:\/\/api.w.org\/{rel}","templated":true}]}}