{"id":48,"date":"2023-04-17T15:19:39","date_gmt":"2023-04-17T13:19:39","guid":{"rendered":"http:\/\/domaine-des-essarts.com\/?page_id=48"},"modified":"2024-06-04T14:31:43","modified_gmt":"2024-06-04T14:31:43","slug":"cuvee-lilia-rose-methode-traditionelle-petillant-rose-fruite-souple","status":"publish","type":"page","link":"https:\/\/domaine-des-essarts.com\/index.php\/cuvee-lilia-rose-methode-traditionelle-petillant-rose-fruite-souple\/","title":{"rendered":"Cuv\u00e9e Lilia Rose &#8211; M\u00e9thode traditionelle"},"content":{"rendered":"\n<div class=\"wp-block-media-text alignwide is-stacked-on-mobile has-background\" style=\"background-color:#e5e5e5;grid-template-columns:24% auto\"><figure class=\"wp-block-media-text__media\"><img fetchpriority=\"high\" decoding=\"async\" width=\"287\" height=\"819\" src=\"http:\/\/www.domaine-des-essarts.com\/wp-content\/uploads\/2023\/04\/rose_petillant.png\" alt=\"\" class=\"wp-image-188 size-full\" srcset=\"https:\/\/domaine-des-essarts.com\/wp-content\/uploads\/2023\/04\/rose_petillant.png 287w, https:\/\/domaine-des-essarts.com\/wp-content\/uploads\/2023\/04\/rose_petillant-105x300.png 105w\" sizes=\"(max-width: 287px) 100vw, 287px\" \/><\/figure><div class=\"wp-block-media-text__content\">\n<h2 class=\"wp-block-heading\">Cuv\u00e9e \u00ab\u00a0Lilia Rose\u00a0\u00bb<\/h2>\n\n\n\n<p class=\"has-small-font-size\"><strong>M\u00e9thode Traditionnelle<\/strong><\/p>\n\n\n\n<p class=\"has-small-font-size\">Au Domaine des Essarts, chaque enfant \u00e0 sa cuv\u00e9e. Nous avons r\u00e9serv\u00e9 ce p\u00e9tillant ros\u00e9 \u00e0 notre derni\u00e8re fille n\u00e9e en 2004 : LILIA. Vous appr\u00e9cierez Lilia Rose \u00e0 l&rsquo;ap\u00e9ritif, sur des entr\u00e9es chaudes (poissons, crustac\u00e9s) ou en dessert.<br>Cuv\u00e9e Lilia Rose\u2026 s\u00e9duction garantie !<\/p>\n\n\n\n<p class=\"has-small-font-size\">C\u00e9page : Gamay 100%<br>Garde : 2 \u00e0 3 ans<br>Servir \u00e0 6 &#8211; 8\u00b0C<br>Conditionnement : Bouteilles<\/p>\n\n\n\n<p><strong><a href=\"https:\/\/domaine-des-essarts.com\/index.php\/tarifs\/\"><em>D\u00e9couvrir nos tarifs<\/em><\/a><\/strong><\/p>\n<\/div><\/div>\n","protected":false},"excerpt":{"rendered":"<p>Cuv\u00e9e \u00ab\u00a0Lilia Rose\u00a0\u00bb M\u00e9thode Traditionnelle Au Domaine des Essarts, chaque enfant \u00e0 sa cuv\u00e9e. Nous avons r\u00e9serv\u00e9 ce p\u00e9tillant ros\u00e9 \u00e0 notre derni\u00e8re fille n\u00e9e en 2004 : LILIA. Vous appr\u00e9cierez Lilia Rose \u00e0 l&rsquo;ap\u00e9ritif, sur des entr\u00e9es chaudes (poissons, crustac\u00e9s) ou en dessert.Cuv\u00e9e Lilia Rose\u2026 s\u00e9duction garantie ! C\u00e9page : Gamay 100%Garde : 2 &hellip; <a href=\"https:\/\/domaine-des-essarts.com\/index.php\/cuvee-lilia-rose-methode-traditionelle-petillant-rose-fruite-souple\/\" class=\"more-link\">Continue reading <span class=\"screen-reader-text\">Cuv\u00e9e Lilia Rose &#8211; M\u00e9thode traditionelle<\/span> <span class=\"meta-nav\">&rarr;<\/span><\/a><\/p>\n","protected":false},"author":1,"featured_media":0,"parent":0,"menu_order":0,"comment_status":"closed","ping_status":"closed","template":"","meta":{"footnotes":""},"class_list":["post-48","page","type-page","status-publish","hentry"],"yoast_head":"<!-- This site is optimized with the Yoast SEO plugin v27.2 - https:\/\/yoast.com\/product\/yoast-seo-wordpress\/ -->\n<title>Cuv\u00e9e Lilia Rose - M\u00e9thode traditionelle - Domaine des Essarts - p\u00e9tillant ros\u00e9<\/title>\n<meta name=\"description\" content=\"Ce vin p\u00e9tillanr ros\u00e9 ou fine bulles est brut, fruit\u00e9 et souple en bouche. Ses bulle ssont persistantes et il conveitn \u00e0 l&#039;ap\u00e9ritif et au dessert\" \/>\n<meta name=\"robots\" content=\"index, follow, max-snippet:-1, max-image-preview:large, max-video-preview:-1\" \/>\n<link rel=\"canonical\" href=\"https:\/\/domaine-des-essarts.com\/index.php\/cuvee-lilia-rose-methode-traditionelle-petillant-rose-fruite-souple\/\" \/>\n<meta property=\"og:locale\" content=\"fr_FR\" \/>\n<meta property=\"og:type\" content=\"article\" \/>\n<meta property=\"og:title\" content=\"Cuv\u00e9e Lilia Rose - M\u00e9thode traditionelle - Domaine des Essarts - p\u00e9tillant ros\u00e9\" \/>\n<meta property=\"og:description\" content=\"Ce vin p\u00e9tillanr ros\u00e9 ou fine bulles est brut, fruit\u00e9 et souple en bouche. Ses bulle ssont persistantes et il conveitn \u00e0 l&#039;ap\u00e9ritif et au dessert\" \/>\n<meta property=\"og:url\" content=\"https:\/\/domaine-des-essarts.com\/index.php\/cuvee-lilia-rose-methode-traditionelle-petillant-rose-fruite-souple\/\" \/>\n<meta property=\"og:site_name\" content=\"Domaine des Essarts\" \/>\n<meta property=\"article:modified_time\" content=\"2024-06-04T14:31:43+00:00\" \/>\n<meta property=\"og:image\" content=\"http:\/\/www.domaine-des-essarts.com\/wp-content\/uploads\/2023\/04\/rose_petillant.png\" \/>\n<meta name=\"twitter:card\" content=\"summary_large_image\" \/>\n<meta name=\"twitter:label1\" content=\"Dur\u00e9e de lecture estim\u00e9e\" \/>\n\t<meta name=\"twitter:data1\" content=\"1 minute\" \/>\n<script type=\"application\/ld+json\" class=\"yoast-schema-graph\">{\"@context\":\"https:\/\/schema.org\",\"@graph\":[{\"@type\":\"WebPage\",\"@id\":\"https:\/\/domaine-des-essarts.com\/index.php\/cuvee-lilia-rose-methode-traditionelle-petillant-rose-fruite-souple\/\",\"url\":\"https:\/\/domaine-des-essarts.com\/index.php\/cuvee-lilia-rose-methode-traditionelle-petillant-rose-fruite-souple\/\",\"name\":\"Cuv\u00e9e Lilia Rose - M\u00e9thode traditionelle - Domaine des Essarts - p\u00e9tillant ros\u00e9\",\"isPartOf\":{\"@id\":\"https:\/\/www.domaine-des-essarts.com\/#website\"},\"primaryImageOfPage\":{\"@id\":\"https:\/\/domaine-des-essarts.com\/index.php\/cuvee-lilia-rose-methode-traditionelle-petillant-rose-fruite-souple\/#primaryimage\"},\"image\":{\"@id\":\"https:\/\/domaine-des-essarts.com\/index.php\/cuvee-lilia-rose-methode-traditionelle-petillant-rose-fruite-souple\/#primaryimage\"},\"thumbnailUrl\":\"http:\/\/www.domaine-des-essarts.com\/wp-content\/uploads\/2023\/04\/rose_petillant.png\",\"datePublished\":\"2023-04-17T13:19:39+00:00\",\"dateModified\":\"2024-06-04T14:31:43+00:00\",\"description\":\"Ce vin p\u00e9tillanr ros\u00e9 ou fine bulles est brut, fruit\u00e9 et souple en bouche. Ses bulle ssont persistantes et il conveitn \u00e0 l'ap\u00e9ritif et au dessert\",\"breadcrumb\":{\"@id\":\"https:\/\/domaine-des-essarts.com\/index.php\/cuvee-lilia-rose-methode-traditionelle-petillant-rose-fruite-souple\/#breadcrumb\"},\"inLanguage\":\"fr-FR\",\"potentialAction\":[{\"@type\":\"ReadAction\",\"target\":[\"https:\/\/domaine-des-essarts.com\/index.php\/cuvee-lilia-rose-methode-traditionelle-petillant-rose-fruite-souple\/\"]}]},{\"@type\":\"ImageObject\",\"inLanguage\":\"fr-FR\",\"@id\":\"https:\/\/domaine-des-essarts.com\/index.php\/cuvee-lilia-rose-methode-traditionelle-petillant-rose-fruite-souple\/#primaryimage\",\"url\":\"http:\/\/www.domaine-des-essarts.com\/wp-content\/uploads\/2023\/04\/rose_petillant.png\",\"contentUrl\":\"http:\/\/www.domaine-des-essarts.com\/wp-content\/uploads\/2023\/04\/rose_petillant.png\"},{\"@type\":\"BreadcrumbList\",\"@id\":\"https:\/\/domaine-des-essarts.com\/index.php\/cuvee-lilia-rose-methode-traditionelle-petillant-rose-fruite-souple\/#breadcrumb\",\"itemListElement\":[{\"@type\":\"ListItem\",\"position\":1,\"name\":\"Accueil\",\"item\":\"https:\/\/domaine-des-essarts.com\/\"},{\"@type\":\"ListItem\",\"position\":2,\"name\":\"Cuv\u00e9e Lilia Rose &#8211; M\u00e9thode traditionelle\"}]},{\"@type\":\"WebSite\",\"@id\":\"https:\/\/www.domaine-des-essarts.com\/#website\",\"url\":\"https:\/\/www.domaine-des-essarts.com\/\",\"name\":\"Domaine des Essarts\",\"description\":\"Viticulteurs Maine et Loire\",\"potentialAction\":[{\"@type\":\"SearchAction\",\"target\":{\"@type\":\"EntryPoint\",\"urlTemplate\":\"https:\/\/www.domaine-des-essarts.com\/?s={search_term_string}\"},\"query-input\":{\"@type\":\"PropertyValueSpecification\",\"valueRequired\":true,\"valueName\":\"search_term_string\"}}],\"inLanguage\":\"fr-FR\"}]}<\/script>\n<!-- \/ Yoast SEO plugin. -->","yoast_head_json":{"title":"Cuv\u00e9e Lilia Rose - M\u00e9thode traditionelle - Domaine des Essarts - p\u00e9tillant ros\u00e9","description":"Ce vin p\u00e9tillanr ros\u00e9 ou fine bulles est brut, fruit\u00e9 et souple en bouche. Ses bulle ssont persistantes et il conveitn \u00e0 l'ap\u00e9ritif et au dessert","robots":{"index":"index","follow":"follow","max-snippet":"max-snippet:-1","max-image-preview":"max-image-preview:large","max-video-preview":"max-video-preview:-1"},"canonical":"https:\/\/domaine-des-essarts.com\/index.php\/cuvee-lilia-rose-methode-traditionelle-petillant-rose-fruite-souple\/","og_locale":"fr_FR","og_type":"article","og_title":"Cuv\u00e9e Lilia Rose - M\u00e9thode traditionelle - Domaine des Essarts - p\u00e9tillant ros\u00e9","og_description":"Ce vin p\u00e9tillanr ros\u00e9 ou fine bulles est brut, fruit\u00e9 et souple en bouche. Ses bulle ssont persistantes et il conveitn \u00e0 l'ap\u00e9ritif et au dessert","og_url":"https:\/\/domaine-des-essarts.com\/index.php\/cuvee-lilia-rose-methode-traditionelle-petillant-rose-fruite-souple\/","og_site_name":"Domaine des Essarts","article_modified_time":"2024-06-04T14:31:43+00:00","og_image":[{"url":"http:\/\/www.domaine-des-essarts.com\/wp-content\/uploads\/2023\/04\/rose_petillant.png","type":"","width":"","height":""}],"twitter_card":"summary_large_image","twitter_misc":{"Dur\u00e9e de lecture estim\u00e9e":"1 minute"},"schema":{"@context":"https:\/\/schema.org","@graph":[{"@type":"WebPage","@id":"https:\/\/domaine-des-essarts.com\/index.php\/cuvee-lilia-rose-methode-traditionelle-petillant-rose-fruite-souple\/","url":"https:\/\/domaine-des-essarts.com\/index.php\/cuvee-lilia-rose-methode-traditionelle-petillant-rose-fruite-souple\/","name":"Cuv\u00e9e Lilia Rose - M\u00e9thode traditionelle - Domaine des Essarts - p\u00e9tillant ros\u00e9","isPartOf":{"@id":"https:\/\/www.domaine-des-essarts.com\/#website"},"primaryImageOfPage":{"@id":"https:\/\/domaine-des-essarts.com\/index.php\/cuvee-lilia-rose-methode-traditionelle-petillant-rose-fruite-souple\/#primaryimage"},"image":{"@id":"https:\/\/domaine-des-essarts.com\/index.php\/cuvee-lilia-rose-methode-traditionelle-petillant-rose-fruite-souple\/#primaryimage"},"thumbnailUrl":"http:\/\/www.domaine-des-essarts.com\/wp-content\/uploads\/2023\/04\/rose_petillant.png","datePublished":"2023-04-17T13:19:39+00:00","dateModified":"2024-06-04T14:31:43+00:00","description":"Ce vin p\u00e9tillanr ros\u00e9 ou fine bulles est brut, fruit\u00e9 et souple en bouche. Ses bulle ssont persistantes et il conveitn \u00e0 l'ap\u00e9ritif et au dessert","breadcrumb":{"@id":"https:\/\/domaine-des-essarts.com\/index.php\/cuvee-lilia-rose-methode-traditionelle-petillant-rose-fruite-souple\/#breadcrumb"},"inLanguage":"fr-FR","potentialAction":[{"@type":"ReadAction","target":["https:\/\/domaine-des-essarts.com\/index.php\/cuvee-lilia-rose-methode-traditionelle-petillant-rose-fruite-souple\/"]}]},{"@type":"ImageObject","inLanguage":"fr-FR","@id":"https:\/\/domaine-des-essarts.com\/index.php\/cuvee-lilia-rose-methode-traditionelle-petillant-rose-fruite-souple\/#primaryimage","url":"http:\/\/www.domaine-des-essarts.com\/wp-content\/uploads\/2023\/04\/rose_petillant.png","contentUrl":"http:\/\/www.domaine-des-essarts.com\/wp-content\/uploads\/2023\/04\/rose_petillant.png"},{"@type":"BreadcrumbList","@id":"https:\/\/domaine-des-essarts.com\/index.php\/cuvee-lilia-rose-methode-traditionelle-petillant-rose-fruite-souple\/#breadcrumb","itemListElement":[{"@type":"ListItem","position":1,"name":"Accueil","item":"https:\/\/domaine-des-essarts.com\/"},{"@type":"ListItem","position":2,"name":"Cuv\u00e9e Lilia Rose &#8211; M\u00e9thode traditionelle"}]},{"@type":"WebSite","@id":"https:\/\/www.domaine-des-essarts.com\/#website","url":"https:\/\/www.domaine-des-essarts.com\/","name":"Domaine des Essarts","description":"Viticulteurs Maine et Loire","potentialAction":[{"@type":"SearchAction","target":{"@type":"EntryPoint","urlTemplate":"https:\/\/www.domaine-des-essarts.com\/?s={search_term_string}"},"query-input":{"@type":"PropertyValueSpecification","valueRequired":true,"valueName":"search_term_string"}}],"inLanguage":"fr-FR"}]}},"_links":{"self":[{"href":"https:\/\/domaine-des-essarts.com\/index.php\/wp-json\/wp\/v2\/pages\/48","targetHints":{"allow":["GET"]}}],"collection":[{"href":"https:\/\/domaine-des-essarts.com\/index.php\/wp-json\/wp\/v2\/pages"}],"about":[{"href":"https:\/\/domaine-des-essarts.com\/index.php\/wp-json\/wp\/v2\/types\/page"}],"author":[{"embeddable":true,"href":"https:\/\/domaine-des-essarts.com\/index.php\/wp-json\/wp\/v2\/users\/1"}],"replies":[{"embeddable":true,"href":"https:\/\/domaine-des-essarts.com\/index.php\/wp-json\/wp\/v2\/comments?post=48"}],"version-history":[{"count":4,"href":"https:\/\/domaine-des-essarts.com\/index.php\/wp-json\/wp\/v2\/pages\/48\/revisions"}],"predecessor-version":[{"id":426,"href":"https:\/\/domaine-des-essarts.com\/index.php\/wp-json\/wp\/v2\/pages\/48\/revisions\/426"}],"wp:attachment":[{"href":"https:\/\/domaine-des-essarts.com\/index.php\/wp-json\/wp\/v2\/media?parent=48"}],"curies":[{"name":"wp","href":"https:\/\/api.w.org\/{rel}","templated":true}]}}